{"id":29185,"date":"2026-04-08T08:19:37","date_gmt":"2026-04-08T08:19:37","guid":{"rendered":"https:\/\/sanqingniaoo.com\/product\/stitch-please-100-wool-worsted\/"},"modified":"2026-04-22T09:15:23","modified_gmt":"2026-04-22T09:15:23","slug":"stitch-please-100-wool-worsted","status":"publish","type":"product","link":"https:\/\/sanqingniaoo.com\/de\/produkt\/stitch-please-100-wool-worsted\/","title":{"rendered":"Stitch Please\u2122 100% Wolle Kammgarn"},"content":{"rendered":"<p>Stitch Please 100% Wool Worsted ist das perfekte Stapelgarn f\u00fcr all Ihre Bed\u00fcrfnisse beim Stricken. Dieses klassische und zeitlose Kammgarn eignet sich hervorragend f\u00fcr die Herstellung von Kleidungsst\u00fccken, an denen Sie jahrelang Freude haben werden, und von Accessoires, die Sie Winter f\u00fcr Winter warm halten. Dieses Garn hat so viele gro\u00dfartige Eigenschaften: eine glatte Zwirnstruktur macht es wunderbar f\u00fcr Kabelbinder und Colorwork, 100% nicht superwash Wolle bedeutet, dass es gro\u00dfartig f\u00fcr die Erstellung von Filzprojekten ist, es ist auch eine ausgezeichnete Wahl f\u00fcr Weben und Punch-Nadel-Stickerei. Nehmen Sie sich etwas Zeit zum Entspannen mit Stitch Please.<\/p>","protected":false},"excerpt":{"rendered":"<p>Stitch Please 100% Wool Worsted is the perfect staple yarn for all your yarn crafting needs. Classic and timeless, this<\/p>","protected":false},"featured_media":29184,"comment_status":"open","ping_status":"closed","template":"","meta":[],"product_brand":[],"product_cat":[28],"product_tag":[],"class_list":{"0":"post-29185","1":"product","2":"type-product","3":"status-publish","4":"has-post-thumbnail","6":"product_cat-wool","8":"first","9":"instock","10":"shipping-taxable","11":"purchasable","12":"product-type-simple"},"_links":{"self":[{"href":"https:\/\/sanqingniaoo.com\/de\/wp-json\/wp\/v2\/product\/29185","targetHints":{"allow":["GET"]}}],"collection":[{"href":"https:\/\/sanqingniaoo.com\/de\/wp-json\/wp\/v2\/product"}],"about":[{"href":"https:\/\/sanqingniaoo.com\/de\/wp-json\/wp\/v2\/types\/product"}],"replies":[{"embeddable":true,"href":"https:\/\/sanqingniaoo.com\/de\/wp-json\/wp\/v2\/comments?post=29185"}],"version-history":[{"count":0,"href":"https:\/\/sanqingniaoo.com\/de\/wp-json\/wp\/v2\/product\/29185\/revisions"}],"wp:featuredmedia":[{"embeddable":true,"href":"https:\/\/sanqingniaoo.com\/de\/wp-json\/wp\/v2\/media\/29184"}],"wp:attachment":[{"href":"https:\/\/sanqingniaoo.com\/de\/wp-json\/wp\/v2\/media?parent=29185"}],"wp:term":[{"taxonomy":"product_brand","embeddable":true,"href":"https:\/\/sanqingniaoo.com\/de\/wp-json\/wp\/v2\/product_brand?post=29185"},{"taxonomy":"product_cat","embeddable":true,"href":"https:\/\/sanqingniaoo.com\/de\/wp-json\/wp\/v2\/product_cat?post=29185"},{"taxonomy":"product_tag","embeddable":true,"href":"https:\/\/sanqingniaoo.com\/de\/wp-json\/wp\/v2\/product_tag?post=29185"}],"curies":[{"name":"wp","href":"https:\/\/api.w.org\/{rel}","templated":true}]}}