{"id":29062,"date":"2026-04-08T08:09:22","date_gmt":"2026-04-08T08:09:22","guid":{"rendered":"https:\/\/sanqingniaoo.com\/product\/cotton-sprout-worsted-solid-and-multis\/"},"modified":"2026-04-22T08:27:38","modified_gmt":"2026-04-22T08:27:38","slug":"cotton-sprout-worsted-solid-and-multis","status":"publish","type":"product","link":"https:\/\/sanqingniaoo.com\/es\/producto\/cotton-sprout-worsted-solid-and-multis\/","title":{"rendered":"Algod\u00f3n Sprout\u00ae Worsted S\u00f3lido y Multis"},"content":{"rendered":"<p>Como ampliaci\u00f3n de la familia Cotton Sprout\u00ae, hemos a\u00f1adido lisos y multis de peso estambre. Las fibras de algod\u00f3n 100% son lavables a m\u00e1quina y sus proyectos quedar\u00e1n estupendos lavado tras lavado. Estos 6 tonos m\u00faltiples se han desarrollado para utilizarlos solos o para combinarlos con los lisos y crear bonitos proyectos.<\/p>","protected":false},"excerpt":{"rendered":"<p>An expansion to the Cotton Sprout\u00ae family, we have added worsted weight solids and multis. The 100% cotton fibers are<\/p>","protected":false},"featured_media":29060,"comment_status":"open","ping_status":"closed","template":"","meta":[],"product_brand":[],"product_cat":[27],"product_tag":[],"class_list":{"0":"post-29062","1":"product","2":"type-product","3":"status-publish","4":"has-post-thumbnail","6":"product_cat-pure-cotton-yarn","8":"first","9":"instock","10":"shipping-taxable","11":"purchasable","12":"product-type-simple"},"_links":{"self":[{"href":"https:\/\/sanqingniaoo.com\/es\/wp-json\/wp\/v2\/product\/29062","targetHints":{"allow":["GET"]}}],"collection":[{"href":"https:\/\/sanqingniaoo.com\/es\/wp-json\/wp\/v2\/product"}],"about":[{"href":"https:\/\/sanqingniaoo.com\/es\/wp-json\/wp\/v2\/types\/product"}],"replies":[{"embeddable":true,"href":"https:\/\/sanqingniaoo.com\/es\/wp-json\/wp\/v2\/comments?post=29062"}],"version-history":[{"count":0,"href":"https:\/\/sanqingniaoo.com\/es\/wp-json\/wp\/v2\/product\/29062\/revisions"}],"wp:featuredmedia":[{"embeddable":true,"href":"https:\/\/sanqingniaoo.com\/es\/wp-json\/wp\/v2\/media\/29060"}],"wp:attachment":[{"href":"https:\/\/sanqingniaoo.com\/es\/wp-json\/wp\/v2\/media?parent=29062"}],"wp:term":[{"taxonomy":"product_brand","embeddable":true,"href":"https:\/\/sanqingniaoo.com\/es\/wp-json\/wp\/v2\/product_brand?post=29062"},{"taxonomy":"product_cat","embeddable":true,"href":"https:\/\/sanqingniaoo.com\/es\/wp-json\/wp\/v2\/product_cat?post=29062"},{"taxonomy":"product_tag","embeddable":true,"href":"https:\/\/sanqingniaoo.com\/es\/wp-json\/wp\/v2\/product_tag?post=29062"}],"curies":[{"name":"wp","href":"https:\/\/api.w.org\/{rel}","templated":true}]}}