{"id":29117,"date":"2026-04-08T08:17:46","date_gmt":"2026-04-08T08:17:46","guid":{"rendered":"https:\/\/sanqingniaoo.com\/product\/elle-by-me-aurelie\/"},"modified":"2026-04-22T08:48:45","modified_gmt":"2026-04-22T08:48:45","slug":"elle-by-me-aurelie","status":"publish","type":"product","link":"https:\/\/sanqingniaoo.com\/es\/producto\/elle-by-me-aurelie\/","title":{"rendered":"ELLE por Me Aurelie"},"content":{"rendered":"<p>Aurelie exige atenci\u00f3n, y cada proyecto que utiliza su textura y brillo \u00fanicos merece su turno en el centro de atenci\u00f3n. Con un n\u00facleo acr\u00edlico resistente envuelto con hilos brillantes y en bucle, Aurelie crea un tejido boucl\u00e9 lujoso al tacto con un brillo glamuroso. Cada colorway es multidimensional, lo que permite a Aurelie acentuar sin esfuerzo otros hilos, mientras que su refinada paleta garantiza que, por s\u00ed sola, ser\u00e1 el centro de atenci\u00f3n.\u00a0<\/p>","protected":false},"excerpt":{"rendered":"<p>Aurelie demands attention, and each project that utilizes her unique texture and sparkle deserves its turn in the spotlight. With<\/p>","protected":false},"featured_media":29115,"comment_status":"open","ping_status":"closed","template":"","meta":[],"product_brand":[],"product_cat":[37],"product_tag":[],"class_list":{"0":"post-29117","1":"product","2":"type-product","3":"status-publish","4":"has-post-thumbnail","6":"product_cat-washi-yarn","8":"first","9":"instock","10":"shipping-taxable","11":"purchasable","12":"product-type-simple"},"_links":{"self":[{"href":"https:\/\/sanqingniaoo.com\/es\/wp-json\/wp\/v2\/product\/29117","targetHints":{"allow":["GET"]}}],"collection":[{"href":"https:\/\/sanqingniaoo.com\/es\/wp-json\/wp\/v2\/product"}],"about":[{"href":"https:\/\/sanqingniaoo.com\/es\/wp-json\/wp\/v2\/types\/product"}],"replies":[{"embeddable":true,"href":"https:\/\/sanqingniaoo.com\/es\/wp-json\/wp\/v2\/comments?post=29117"}],"version-history":[{"count":0,"href":"https:\/\/sanqingniaoo.com\/es\/wp-json\/wp\/v2\/product\/29117\/revisions"}],"wp:featuredmedia":[{"embeddable":true,"href":"https:\/\/sanqingniaoo.com\/es\/wp-json\/wp\/v2\/media\/29115"}],"wp:attachment":[{"href":"https:\/\/sanqingniaoo.com\/es\/wp-json\/wp\/v2\/media?parent=29117"}],"wp:term":[{"taxonomy":"product_brand","embeddable":true,"href":"https:\/\/sanqingniaoo.com\/es\/wp-json\/wp\/v2\/product_brand?post=29117"},{"taxonomy":"product_cat","embeddable":true,"href":"https:\/\/sanqingniaoo.com\/es\/wp-json\/wp\/v2\/product_cat?post=29117"},{"taxonomy":"product_tag","embeddable":true,"href":"https:\/\/sanqingniaoo.com\/es\/wp-json\/wp\/v2\/product_tag?post=29117"}],"curies":[{"name":"wp","href":"https:\/\/api.w.org\/{rel}","templated":true}]}}