{"id":29131,"date":"2026-04-08T08:17:49","date_gmt":"2026-04-08T08:17:49","guid":{"rendered":"https:\/\/sanqingniaoo.com\/product\/just-yarn-worsted-value-ombre\/"},"modified":"2026-04-22T08:48:20","modified_gmt":"2026-04-22T08:48:20","slug":"just-yarn-worsted-value-ombre","status":"publish","type":"product","link":"https:\/\/sanqingniaoo.com\/es\/producto\/just-yarn-worsted-value-ombre\/","title":{"rendered":"Just\u00ae Yarn Worsted Value Ombre"},"content":{"rendered":"<p>Achieve a gradient look for your projects with ease with Just\u00ae Yarn Worsted Value Ombre. The 280g ball means less ends to weave and more value per ball. Available in 16 gorgeous colors, you&#8217;ll love the way the colors transition from dark to light.<br \/>\nTrabaje c\u00f3modamente sabiendo que este hilo es seguro para usted. Ha superado la norma m\u00e1s exigente, apta para el contacto directo con la piel m\u00e1s sensible, incluso la de beb\u00e9s y ni\u00f1os peque\u00f1os.<\/p>","protected":false},"excerpt":{"rendered":"<p>Achieve a gradient look for your projects with ease with Just\u00ae Yarn Worsted Value Ombre. The 280g ball means less<\/p>","protected":false},"featured_media":29130,"comment_status":"open","ping_status":"closed","template":"","meta":[],"product_brand":[],"product_cat":[37],"product_tag":[],"class_list":{"0":"post-29131","1":"product","2":"type-product","3":"status-publish","4":"has-post-thumbnail","6":"product_cat-washi-yarn","8":"first","9":"instock","10":"shipping-taxable","11":"purchasable","12":"product-type-simple"},"_links":{"self":[{"href":"https:\/\/sanqingniaoo.com\/es\/wp-json\/wp\/v2\/product\/29131","targetHints":{"allow":["GET"]}}],"collection":[{"href":"https:\/\/sanqingniaoo.com\/es\/wp-json\/wp\/v2\/product"}],"about":[{"href":"https:\/\/sanqingniaoo.com\/es\/wp-json\/wp\/v2\/types\/product"}],"replies":[{"embeddable":true,"href":"https:\/\/sanqingniaoo.com\/es\/wp-json\/wp\/v2\/comments?post=29131"}],"version-history":[{"count":0,"href":"https:\/\/sanqingniaoo.com\/es\/wp-json\/wp\/v2\/product\/29131\/revisions"}],"wp:featuredmedia":[{"embeddable":true,"href":"https:\/\/sanqingniaoo.com\/es\/wp-json\/wp\/v2\/media\/29130"}],"wp:attachment":[{"href":"https:\/\/sanqingniaoo.com\/es\/wp-json\/wp\/v2\/media?parent=29131"}],"wp:term":[{"taxonomy":"product_brand","embeddable":true,"href":"https:\/\/sanqingniaoo.com\/es\/wp-json\/wp\/v2\/product_brand?post=29131"},{"taxonomy":"product_cat","embeddable":true,"href":"https:\/\/sanqingniaoo.com\/es\/wp-json\/wp\/v2\/product_cat?post=29131"},{"taxonomy":"product_tag","embeddable":true,"href":"https:\/\/sanqingniaoo.com\/es\/wp-json\/wp\/v2\/product_tag?post=29131"}],"curies":[{"name":"wp","href":"https:\/\/api.w.org\/{rel}","templated":true}]}}