{"id":29139,"date":"2026-04-08T08:17:51","date_gmt":"2026-04-08T08:17:51","guid":{"rendered":"https:\/\/sanqingniaoo.com\/product\/just-yarn-worsted-value-400g\/"},"modified":"2026-04-22T08:48:12","modified_gmt":"2026-04-22T08:48:12","slug":"just-yarn-worsted-value-400g","status":"publish","type":"product","link":"https:\/\/sanqingniaoo.com\/es\/producto\/just-yarn-worsted-value-400g\/","title":{"rendered":"Just Yarn\u00ae Worsted Value 400g"},"content":{"rendered":"<p>\u00bfOdia perder el tiempo acabando y tejiendo los cabos en sus grandes proyectos? Hemos resuelto su problema con Just Yarn\u00ae Value con 875 yardas por madeja. Este hilo de estambre de la talla 4 se puede lavar y secar a m\u00e1quina, y cuenta con el certificado Oeko-Tex. Es el hilo perfecto para mantas, proyectos ben\u00e9ficos y manualidades. Ahora puede aumentar su reserva de hilo sin arruinarse.<br \/>\nTrabaje c\u00f3modamente sabiendo que este hilo es seguro para usted. Ha superado la norma m\u00e1s exigente, apta para el contacto directo con la piel m\u00e1s sensible, incluso la de beb\u00e9s y ni\u00f1os peque\u00f1os.<\/p>","protected":false},"excerpt":{"rendered":"<p>Do you hate spending time finishing and weaving in ends in your large projects? We have solved your problem with<\/p>","protected":false},"featured_media":29138,"comment_status":"open","ping_status":"closed","template":"","meta":[],"product_brand":[],"product_cat":[37],"product_tag":[],"class_list":{"0":"post-29139","1":"product","2":"type-product","3":"status-publish","4":"has-post-thumbnail","6":"product_cat-washi-yarn","8":"first","9":"instock","10":"shipping-taxable","11":"purchasable","12":"product-type-simple"},"_links":{"self":[{"href":"https:\/\/sanqingniaoo.com\/es\/wp-json\/wp\/v2\/product\/29139","targetHints":{"allow":["GET"]}}],"collection":[{"href":"https:\/\/sanqingniaoo.com\/es\/wp-json\/wp\/v2\/product"}],"about":[{"href":"https:\/\/sanqingniaoo.com\/es\/wp-json\/wp\/v2\/types\/product"}],"replies":[{"embeddable":true,"href":"https:\/\/sanqingniaoo.com\/es\/wp-json\/wp\/v2\/comments?post=29139"}],"version-history":[{"count":0,"href":"https:\/\/sanqingniaoo.com\/es\/wp-json\/wp\/v2\/product\/29139\/revisions"}],"wp:featuredmedia":[{"embeddable":true,"href":"https:\/\/sanqingniaoo.com\/es\/wp-json\/wp\/v2\/media\/29138"}],"wp:attachment":[{"href":"https:\/\/sanqingniaoo.com\/es\/wp-json\/wp\/v2\/media?parent=29139"}],"wp:term":[{"taxonomy":"product_brand","embeddable":true,"href":"https:\/\/sanqingniaoo.com\/es\/wp-json\/wp\/v2\/product_brand?post=29139"},{"taxonomy":"product_cat","embeddable":true,"href":"https:\/\/sanqingniaoo.com\/es\/wp-json\/wp\/v2\/product_cat?post=29139"},{"taxonomy":"product_tag","embeddable":true,"href":"https:\/\/sanqingniaoo.com\/es\/wp-json\/wp\/v2\/product_tag?post=29139"}],"curies":[{"name":"wp","href":"https:\/\/api.w.org\/{rel}","templated":true}]}}