{"id":29144,"date":"2026-04-08T08:17:53","date_gmt":"2026-04-08T08:17:53","guid":{"rendered":"https:\/\/sanqingniaoo.com\/product\/anti-pilling-everyday-worsted-painterly\/"},"modified":"2026-04-22T08:47:35","modified_gmt":"2026-04-22T08:47:35","slug":"anti-pilling-everyday-worsted-painterly","status":"publish","type":"product","link":"https:\/\/sanqingniaoo.com\/es\/producto\/anti-pilling-everyday-worsted-painterly\/","title":{"rendered":"Anti-Pilling Everyday\u00ae Worsted Painterly"},"content":{"rendered":"<p>A\u00f1ade un toque de color a tu pr\u00f3xima obra maestra con Everyday\u00ae Painterly. Un hilo acr\u00edlico #4 de 4 cabos y peso medio\/estambre en colores cuidadosamente coordinados. Dise\u00f1ado para combinarse a la perfecci\u00f3n con el favorito de los fans, el antipilling Everyday\u00ae Worsted, se trabaja hasta una galga de 18 puntos y 24 filas y 12 puntos y 15 filas en ganchillo simple.<br \/>\nTrabaje c\u00f3modamente sabiendo que este hilo es seguro para usted. Ha superado la norma m\u00e1s exigente, apta para el contacto directo con la piel m\u00e1s sensible, incluso la de beb\u00e9s y ni\u00f1os peque\u00f1os.<\/p>","protected":false},"excerpt":{"rendered":"<p>Add a brush of color to your next maker masterpiece with Everyday\u00ae Painterly. A #4 medium\/worsted weight, 4-ply acrylic yarn<\/p>","protected":false},"featured_media":29142,"comment_status":"open","ping_status":"closed","template":"","meta":[],"product_brand":[],"product_cat":[37],"product_tag":[],"class_list":{"0":"post-29144","1":"product","2":"type-product","3":"status-publish","4":"has-post-thumbnail","6":"product_cat-washi-yarn","8":"first","9":"instock","10":"shipping-taxable","11":"purchasable","12":"product-type-simple"},"_links":{"self":[{"href":"https:\/\/sanqingniaoo.com\/es\/wp-json\/wp\/v2\/product\/29144","targetHints":{"allow":["GET"]}}],"collection":[{"href":"https:\/\/sanqingniaoo.com\/es\/wp-json\/wp\/v2\/product"}],"about":[{"href":"https:\/\/sanqingniaoo.com\/es\/wp-json\/wp\/v2\/types\/product"}],"replies":[{"embeddable":true,"href":"https:\/\/sanqingniaoo.com\/es\/wp-json\/wp\/v2\/comments?post=29144"}],"version-history":[{"count":0,"href":"https:\/\/sanqingniaoo.com\/es\/wp-json\/wp\/v2\/product\/29144\/revisions"}],"wp:featuredmedia":[{"embeddable":true,"href":"https:\/\/sanqingniaoo.com\/es\/wp-json\/wp\/v2\/media\/29142"}],"wp:attachment":[{"href":"https:\/\/sanqingniaoo.com\/es\/wp-json\/wp\/v2\/media?parent=29144"}],"wp:term":[{"taxonomy":"product_brand","embeddable":true,"href":"https:\/\/sanqingniaoo.com\/es\/wp-json\/wp\/v2\/product_brand?post=29144"},{"taxonomy":"product_cat","embeddable":true,"href":"https:\/\/sanqingniaoo.com\/es\/wp-json\/wp\/v2\/product_cat?post=29144"},{"taxonomy":"product_tag","embeddable":true,"href":"https:\/\/sanqingniaoo.com\/es\/wp-json\/wp\/v2\/product_tag?post=29144"}],"curies":[{"name":"wp","href":"https:\/\/api.w.org\/{rel}","templated":true}]}}