{"id":29147,"date":"2026-04-08T08:17:53","date_gmt":"2026-04-08T08:17:53","guid":{"rendered":"https:\/\/sanqingniaoo.com\/product\/canyon-colors\/"},"modified":"2026-04-22T08:47:51","modified_gmt":"2026-04-22T08:47:51","slug":"canyon-colors","status":"publish","type":"product","link":"https:\/\/sanqingniaoo.com\/es\/producto\/canyon-colors\/","title":{"rendered":"Canyon Colors\u2122"},"content":{"rendered":"<p>Set out on an adventure with Canyon Colors\u2122. This is a bulky weight, 100 % acrylic yarn that can be stitched in everything from accessories to garments to home d\u00e9cor. A classic, variegated print in a range of rich colors for any crafting mood. This #5 weight yarn is 100% machine wash and dryable. For even more versatility, pair it with Serenity\u00ae Chunky for endless creative possibilities.<br \/>\nTrabaje c\u00f3modamente sabiendo que este hilo es seguro para usted. Ha superado la norma m\u00e1s exigente, apta para el contacto directo con la piel m\u00e1s sensible, incluso la de beb\u00e9s y ni\u00f1os peque\u00f1os.<\/p>","protected":false},"excerpt":{"rendered":"<p>Set out on an adventure with Canyon Colors\u2122. This is a bulky weight, 100 % acrylic yarn that can be<\/p>","protected":false},"featured_media":29146,"comment_status":"open","ping_status":"closed","template":"","meta":[],"product_brand":[],"product_cat":[37],"product_tag":[],"class_list":{"0":"post-29147","1":"product","2":"type-product","3":"status-publish","4":"has-post-thumbnail","6":"product_cat-washi-yarn","8":"first","9":"instock","10":"shipping-taxable","11":"purchasable","12":"product-type-simple"},"_links":{"self":[{"href":"https:\/\/sanqingniaoo.com\/es\/wp-json\/wp\/v2\/product\/29147","targetHints":{"allow":["GET"]}}],"collection":[{"href":"https:\/\/sanqingniaoo.com\/es\/wp-json\/wp\/v2\/product"}],"about":[{"href":"https:\/\/sanqingniaoo.com\/es\/wp-json\/wp\/v2\/types\/product"}],"replies":[{"embeddable":true,"href":"https:\/\/sanqingniaoo.com\/es\/wp-json\/wp\/v2\/comments?post=29147"}],"version-history":[{"count":0,"href":"https:\/\/sanqingniaoo.com\/es\/wp-json\/wp\/v2\/product\/29147\/revisions"}],"wp:featuredmedia":[{"embeddable":true,"href":"https:\/\/sanqingniaoo.com\/es\/wp-json\/wp\/v2\/media\/29146"}],"wp:attachment":[{"href":"https:\/\/sanqingniaoo.com\/es\/wp-json\/wp\/v2\/media?parent=29147"}],"wp:term":[{"taxonomy":"product_brand","embeddable":true,"href":"https:\/\/sanqingniaoo.com\/es\/wp-json\/wp\/v2\/product_brand?post=29147"},{"taxonomy":"product_cat","embeddable":true,"href":"https:\/\/sanqingniaoo.com\/es\/wp-json\/wp\/v2\/product_cat?post=29147"},{"taxonomy":"product_tag","embeddable":true,"href":"https:\/\/sanqingniaoo.com\/es\/wp-json\/wp\/v2\/product_tag?post=29147"}],"curies":[{"name":"wp","href":"https:\/\/api.w.org\/{rel}","templated":true}]}}