{"id":29155,"date":"2026-04-08T08:19:17","date_gmt":"2026-04-08T08:19:17","guid":{"rendered":"https:\/\/sanqingniaoo.com\/product\/just-chenille-cone\/"},"modified":"2026-04-22T08:59:08","modified_gmt":"2026-04-22T08:59:08","slug":"just-chenille-cone","status":"publish","type":"product","link":"https:\/\/sanqingniaoo.com\/es\/producto\/just-chenille-cone\/","title":{"rendered":"Cono de chenilla Just"},"content":{"rendered":"<p>\u00bfC\u00f3mo caben 20 ovillos de Just Chenille Yarn en uno?  \u00a1En un cono, por supuesto! \u00a1Presentamos los Conos Just Chenille!<br \/>\nLos conos Just Chenille contienen un kilogramo (35 onzas) de suave y agradable chenilla, lo que facilita la realizaci\u00f3n de grandes proyectos y reduce el n\u00famero de cabos que hay que tejer. Simplemente col\u00f3calo y empieza tu proyecto favorito. Disponible en 20 tonos de moda, este hilo voluminoso florece maravillosamente despu\u00e9s del lavado, volvi\u00e9ndose m\u00e1s suave y esponjoso. Excelente para crear desde acogedoras mantas hasta divertidos juguetes o una elegante decoraci\u00f3n para el hogar. Los proyectos se hacen en un abrir y cerrar de ojos, por lo que Just Chenille es perfecto para regalos r\u00e1pidos y f\u00e1ciles de cuidar, ya que se puede lavar a m\u00e1quina.<br \/>\nCuando trabaje con hilos de chenilla, es importante asegurar los extremos para evitar que se desprendan o deshilachen. Para asegurar los extremos: retire algunas de las fibras de los hilos centrales y, a continuaci\u00f3n, haga un nudo doble con los dos hilos centrales. Adem\u00e1s, puede aplicarse una peque\u00f1a gota de l\u00edquido antideshilachado para mayor seguridad.<\/p>","protected":false},"excerpt":{"rendered":"<p>How do you fit 20 balls of Just Chenille Yarn into one?\u00a0 On a cone of course! Introducing Just Chenille<\/p>","protected":false},"featured_media":29151,"comment_status":"open","ping_status":"closed","template":"","meta":[],"product_brand":[],"product_cat":[46],"product_tag":[],"class_list":{"0":"post-29155","1":"product","2":"type-product","3":"status-publish","4":"has-post-thumbnail","6":"product_cat-synthetic-fiber","8":"first","9":"instock","10":"shipping-taxable","11":"purchasable","12":"product-type-simple"},"_links":{"self":[{"href":"https:\/\/sanqingniaoo.com\/es\/wp-json\/wp\/v2\/product\/29155","targetHints":{"allow":["GET"]}}],"collection":[{"href":"https:\/\/sanqingniaoo.com\/es\/wp-json\/wp\/v2\/product"}],"about":[{"href":"https:\/\/sanqingniaoo.com\/es\/wp-json\/wp\/v2\/types\/product"}],"replies":[{"embeddable":true,"href":"https:\/\/sanqingniaoo.com\/es\/wp-json\/wp\/v2\/comments?post=29155"}],"version-history":[{"count":0,"href":"https:\/\/sanqingniaoo.com\/es\/wp-json\/wp\/v2\/product\/29155\/revisions"}],"wp:featuredmedia":[{"embeddable":true,"href":"https:\/\/sanqingniaoo.com\/es\/wp-json\/wp\/v2\/media\/29151"}],"wp:attachment":[{"href":"https:\/\/sanqingniaoo.com\/es\/wp-json\/wp\/v2\/media?parent=29155"}],"wp:term":[{"taxonomy":"product_brand","embeddable":true,"href":"https:\/\/sanqingniaoo.com\/es\/wp-json\/wp\/v2\/product_brand?post=29155"},{"taxonomy":"product_cat","embeddable":true,"href":"https:\/\/sanqingniaoo.com\/es\/wp-json\/wp\/v2\/product_cat?post=29155"},{"taxonomy":"product_tag","embeddable":true,"href":"https:\/\/sanqingniaoo.com\/es\/wp-json\/wp\/v2\/product_tag?post=29155"}],"curies":[{"name":"wp","href":"https:\/\/api.w.org\/{rel}","templated":true}]}}