{"id":29157,"date":"2026-04-08T08:19:18","date_gmt":"2026-04-08T08:19:18","guid":{"rendered":"https:\/\/sanqingniaoo.com\/product\/sweet-roll-vivid\/"},"modified":"2026-04-22T08:59:14","modified_gmt":"2026-04-22T08:59:14","slug":"sweet-roll-vivid","status":"publish","type":"product","link":"https:\/\/sanqingniaoo.com\/es\/producto\/sweet-roll-vivid\/","title":{"rendered":"Sweet Roll\u00ae Vivid"},"content":{"rendered":"<p>A bright and vibrant addition to the much-loved Sweet Roll\u00ae family! Sweet Roll\u00ae Vivid is an exciting, soft, and gorgeous yarn that creates a self-striping effect as you stitch. These beautiful new shades are full of color and WOW appeal. They are guaranteed to brighten up any project your are making. Perfect for creating stand-out scarves, shawls, blankets, and any other project you can imagine. Pair with Premier Basix\u00ae Worsted for coordinating solid colors.<br \/>\nTrabaje c\u00f3modamente sabiendo que este hilo es seguro para todos. Ha superado la norma m\u00e1s exigente, apto para el contacto directo con la piel m\u00e1s sensible, incluso la de beb\u00e9s y ni\u00f1os peque\u00f1os.<\/p>","protected":false},"excerpt":{"rendered":"<p>A bright and vibrant addition to the much-loved Sweet Roll\u00ae family! Sweet Roll\u00ae Vivid is an exciting, soft, and gorgeous<\/p>","protected":false},"featured_media":29156,"comment_status":"open","ping_status":"closed","template":"","meta":[],"product_brand":[],"product_cat":[46],"product_tag":[],"class_list":{"0":"post-29157","1":"product","2":"type-product","3":"status-publish","4":"has-post-thumbnail","6":"product_cat-synthetic-fiber","8":"first","9":"instock","10":"shipping-taxable","11":"purchasable","12":"product-type-simple"},"_links":{"self":[{"href":"https:\/\/sanqingniaoo.com\/es\/wp-json\/wp\/v2\/product\/29157","targetHints":{"allow":["GET"]}}],"collection":[{"href":"https:\/\/sanqingniaoo.com\/es\/wp-json\/wp\/v2\/product"}],"about":[{"href":"https:\/\/sanqingniaoo.com\/es\/wp-json\/wp\/v2\/types\/product"}],"replies":[{"embeddable":true,"href":"https:\/\/sanqingniaoo.com\/es\/wp-json\/wp\/v2\/comments?post=29157"}],"version-history":[{"count":0,"href":"https:\/\/sanqingniaoo.com\/es\/wp-json\/wp\/v2\/product\/29157\/revisions"}],"wp:featuredmedia":[{"embeddable":true,"href":"https:\/\/sanqingniaoo.com\/es\/wp-json\/wp\/v2\/media\/29156"}],"wp:attachment":[{"href":"https:\/\/sanqingniaoo.com\/es\/wp-json\/wp\/v2\/media?parent=29157"}],"wp:term":[{"taxonomy":"product_brand","embeddable":true,"href":"https:\/\/sanqingniaoo.com\/es\/wp-json\/wp\/v2\/product_brand?post=29157"},{"taxonomy":"product_cat","embeddable":true,"href":"https:\/\/sanqingniaoo.com\/es\/wp-json\/wp\/v2\/product_cat?post=29157"},{"taxonomy":"product_tag","embeddable":true,"href":"https:\/\/sanqingniaoo.com\/es\/wp-json\/wp\/v2\/product_tag?post=29157"}],"curies":[{"name":"wp","href":"https:\/\/api.w.org\/{rel}","templated":true}]}}