{"id":29166,"date":"2026-04-08T08:19:20","date_gmt":"2026-04-08T08:19:20","guid":{"rendered":"https:\/\/sanqingniaoo.com\/product\/parfait-xl\/"},"modified":"2026-04-22T08:59:04","modified_gmt":"2026-04-22T08:59:04","slug":"parfait-xl","status":"publish","type":"product","link":"https:\/\/sanqingniaoo.com\/es\/producto\/parfait-xl\/","title":{"rendered":"Parfait\u00ae XL"},"content":{"rendered":"<p>Todo lo que te gusta de Parfait Chunky, nuestro acreditado hilo de chenilla de poli\u00e9ster 100%, \u00a1en un peso jumbo! Lavable a m\u00e1quina e incre\u00edblemente suave, esta lana te resultar\u00e1 irresistible. Teje a punto o a ganchillo con esta chenilla de calidad superior para un proyecto que ser\u00e1 el favorito de cualquier ni\u00f1o.<br \/>\nTrabaje c\u00f3modamente sabiendo que este hilo es seguro para todos. Ha superado la norma m\u00e1s exigente, apto para el contacto directo con la piel m\u00e1s sensible, incluso la de beb\u00e9s y ni\u00f1os peque\u00f1os.<br \/>\nNota: La categor\u00eda de peso #7 Jumbo engloba todos los hilos mayores que #6 Super Bulky. Debido a esta amplia gama de hilos, esta categor\u00eda de peso tiene m\u00e1s variaciones que otras. Le recomendamos que compruebe el peso del ovillo, las yardas, la galga y el tama\u00f1o de aguja o gancho recomendado para asegurarse de que es el adecuado para su proyecto.<\/p>","protected":false},"excerpt":{"rendered":"<p>Everything you love about Parfait Chunky, our tried and true 100% polyester chenille yarn, in a jumbo weight! Machine washable,<\/p>","protected":false},"featured_media":29164,"comment_status":"open","ping_status":"closed","template":"","meta":[],"product_brand":[],"product_cat":[46],"product_tag":[],"class_list":{"0":"post-29166","1":"product","2":"type-product","3":"status-publish","4":"has-post-thumbnail","6":"product_cat-synthetic-fiber","8":"first","9":"instock","10":"shipping-taxable","11":"purchasable","12":"product-type-simple"},"_links":{"self":[{"href":"https:\/\/sanqingniaoo.com\/es\/wp-json\/wp\/v2\/product\/29166","targetHints":{"allow":["GET"]}}],"collection":[{"href":"https:\/\/sanqingniaoo.com\/es\/wp-json\/wp\/v2\/product"}],"about":[{"href":"https:\/\/sanqingniaoo.com\/es\/wp-json\/wp\/v2\/types\/product"}],"replies":[{"embeddable":true,"href":"https:\/\/sanqingniaoo.com\/es\/wp-json\/wp\/v2\/comments?post=29166"}],"version-history":[{"count":0,"href":"https:\/\/sanqingniaoo.com\/es\/wp-json\/wp\/v2\/product\/29166\/revisions"}],"wp:featuredmedia":[{"embeddable":true,"href":"https:\/\/sanqingniaoo.com\/es\/wp-json\/wp\/v2\/media\/29164"}],"wp:attachment":[{"href":"https:\/\/sanqingniaoo.com\/es\/wp-json\/wp\/v2\/media?parent=29166"}],"wp:term":[{"taxonomy":"product_brand","embeddable":true,"href":"https:\/\/sanqingniaoo.com\/es\/wp-json\/wp\/v2\/product_brand?post=29166"},{"taxonomy":"product_cat","embeddable":true,"href":"https:\/\/sanqingniaoo.com\/es\/wp-json\/wp\/v2\/product_cat?post=29166"},{"taxonomy":"product_tag","embeddable":true,"href":"https:\/\/sanqingniaoo.com\/es\/wp-json\/wp\/v2\/product_tag?post=29166"}],"curies":[{"name":"wp","href":"https:\/\/api.w.org\/{rel}","templated":true}]}}