{"id":29170,"date":"2026-04-08T08:19:21","date_gmt":"2026-04-08T08:19:21","guid":{"rendered":"https:\/\/sanqingniaoo.com\/product\/stitch-please-superwash-chunky\/"},"modified":"2026-04-22T08:59:37","modified_gmt":"2026-04-22T08:59:37","slug":"stitch-please-superwash-chunky","status":"publish","type":"product","link":"https:\/\/sanqingniaoo.com\/es\/producto\/stitch-please-superwash-chunky\/","title":{"rendered":"Stitch Please\u2122 Superwash Chunky"},"content":{"rendered":"<p>Stitch Please Superwash Chunky es todo lo que te gusta de la lana gruesa, pero lavable y secable a m\u00e1quina. Este hilo tiene una maravillosa forma redondeada y una textura el\u00e1stica que crea una definici\u00f3n de puntada encantadora. Ideal para crear prendas y accesorios r\u00e1pidos, bonitos, duraderos y f\u00e1ciles de cuidar. T\u00f3mese su tiempo para relajarse con Stitch Please.<\/p>","protected":false},"excerpt":{"rendered":"<p>Stitch Please Superwash Chunky is everything you love about bulky weight wool yarn, but machine washable and dryable! This yarn<\/p>","protected":false},"featured_media":29168,"comment_status":"open","ping_status":"closed","template":"","meta":[],"product_brand":[],"product_cat":[46],"product_tag":[],"class_list":{"0":"post-29170","1":"product","2":"type-product","3":"status-publish","4":"has-post-thumbnail","6":"product_cat-synthetic-fiber","8":"first","9":"instock","10":"shipping-taxable","11":"purchasable","12":"product-type-simple"},"_links":{"self":[{"href":"https:\/\/sanqingniaoo.com\/es\/wp-json\/wp\/v2\/product\/29170","targetHints":{"allow":["GET"]}}],"collection":[{"href":"https:\/\/sanqingniaoo.com\/es\/wp-json\/wp\/v2\/product"}],"about":[{"href":"https:\/\/sanqingniaoo.com\/es\/wp-json\/wp\/v2\/types\/product"}],"replies":[{"embeddable":true,"href":"https:\/\/sanqingniaoo.com\/es\/wp-json\/wp\/v2\/comments?post=29170"}],"version-history":[{"count":0,"href":"https:\/\/sanqingniaoo.com\/es\/wp-json\/wp\/v2\/product\/29170\/revisions"}],"wp:featuredmedia":[{"embeddable":true,"href":"https:\/\/sanqingniaoo.com\/es\/wp-json\/wp\/v2\/media\/29168"}],"wp:attachment":[{"href":"https:\/\/sanqingniaoo.com\/es\/wp-json\/wp\/v2\/media?parent=29170"}],"wp:term":[{"taxonomy":"product_brand","embeddable":true,"href":"https:\/\/sanqingniaoo.com\/es\/wp-json\/wp\/v2\/product_brand?post=29170"},{"taxonomy":"product_cat","embeddable":true,"href":"https:\/\/sanqingniaoo.com\/es\/wp-json\/wp\/v2\/product_cat?post=29170"},{"taxonomy":"product_tag","embeddable":true,"href":"https:\/\/sanqingniaoo.com\/es\/wp-json\/wp\/v2\/product_tag?post=29170"}],"curies":[{"name":"wp","href":"https:\/\/api.w.org\/{rel}","templated":true}]}}