{"id":29173,"date":"2026-04-08T08:19:21","date_gmt":"2026-04-08T08:19:21","guid":{"rendered":"https:\/\/sanqingniaoo.com\/product\/colorfusion-dk\/"},"modified":"2026-04-22T08:59:34","modified_gmt":"2026-04-22T08:59:34","slug":"colorfusion-dk","status":"publish","type":"product","link":"https:\/\/sanqingniaoo.com\/es\/producto\/colorfusion-dk\/","title":{"rendered":"Colorfusion\u2122 DK"},"content":{"rendered":"<p>This DK weight 100% acrylic is perfect for soft, easy-care, knit and crochet projects. Featuring the same gorgeous range of self-striping hues from Colorfusion Chunky, it is perfect for creating colorful pieces with ease.<br \/>\nTrabaje c\u00f3modamente sabiendo que este hilo es seguro para todos. Ha superado la norma m\u00e1s exigente, apto para el contacto directo con la piel m\u00e1s sensible, incluso la de beb\u00e9s y ni\u00f1os peque\u00f1os.<\/p>","protected":false},"excerpt":{"rendered":"<p>This DK weight 100% acrylic is perfect for soft, easy-care, knit and crochet projects. Featuring the same gorgeous range of<\/p>","protected":false},"featured_media":29172,"comment_status":"open","ping_status":"closed","template":"","meta":[],"product_brand":[],"product_cat":[46],"product_tag":[],"class_list":{"0":"post-29173","1":"product","2":"type-product","3":"status-publish","4":"has-post-thumbnail","6":"product_cat-synthetic-fiber","8":"first","9":"instock","10":"shipping-taxable","11":"purchasable","12":"product-type-simple"},"_links":{"self":[{"href":"https:\/\/sanqingniaoo.com\/es\/wp-json\/wp\/v2\/product\/29173","targetHints":{"allow":["GET"]}}],"collection":[{"href":"https:\/\/sanqingniaoo.com\/es\/wp-json\/wp\/v2\/product"}],"about":[{"href":"https:\/\/sanqingniaoo.com\/es\/wp-json\/wp\/v2\/types\/product"}],"replies":[{"embeddable":true,"href":"https:\/\/sanqingniaoo.com\/es\/wp-json\/wp\/v2\/comments?post=29173"}],"version-history":[{"count":0,"href":"https:\/\/sanqingniaoo.com\/es\/wp-json\/wp\/v2\/product\/29173\/revisions"}],"wp:featuredmedia":[{"embeddable":true,"href":"https:\/\/sanqingniaoo.com\/es\/wp-json\/wp\/v2\/media\/29172"}],"wp:attachment":[{"href":"https:\/\/sanqingniaoo.com\/es\/wp-json\/wp\/v2\/media?parent=29173"}],"wp:term":[{"taxonomy":"product_brand","embeddable":true,"href":"https:\/\/sanqingniaoo.com\/es\/wp-json\/wp\/v2\/product_brand?post=29173"},{"taxonomy":"product_cat","embeddable":true,"href":"https:\/\/sanqingniaoo.com\/es\/wp-json\/wp\/v2\/product_cat?post=29173"},{"taxonomy":"product_tag","embeddable":true,"href":"https:\/\/sanqingniaoo.com\/es\/wp-json\/wp\/v2\/product_tag?post=29173"}],"curies":[{"name":"wp","href":"https:\/\/api.w.org\/{rel}","templated":true}]}}