{"id":29181,"date":"2026-04-08T08:19:23","date_gmt":"2026-04-08T08:19:23","guid":{"rendered":"https:\/\/sanqingniaoo.com\/product\/basix-chunky\/"},"modified":"2026-04-22T09:15:04","modified_gmt":"2026-04-22T09:15:04","slug":"basix-chunky","status":"publish","type":"product","link":"https:\/\/sanqingniaoo.com\/es\/producto\/basix-chunky\/","title":{"rendered":"Basix\u00ae Chunky"},"content":{"rendered":"<p>The great value and quality of our Basix yarn in bulky weight. Perfect for crafting quick projects to keep or to give. A huge range of colors makes it easy to find the perfect shade for your creations. Machine washable and dryable for easy gift giving.<br \/>\nTrabaje c\u00f3modamente sabiendo que este hilo es seguro para usted. Ha superado la norma m\u00e1s exigente, apta para el contacto directo con la piel m\u00e1s sensible, incluso la de beb\u00e9s y ni\u00f1os peque\u00f1os.<\/p>","protected":false},"excerpt":{"rendered":"<p>The great value and quality of our Basix yarn in bulky weight. Perfect for crafting quick projects to keep or<\/p>","protected":false},"featured_media":29179,"comment_status":"open","ping_status":"closed","template":"","meta":[],"product_brand":[],"product_cat":[46],"product_tag":[],"class_list":{"0":"post-29181","1":"product","2":"type-product","3":"status-publish","4":"has-post-thumbnail","6":"product_cat-synthetic-fiber","8":"first","9":"instock","10":"shipping-taxable","11":"purchasable","12":"product-type-simple"},"_links":{"self":[{"href":"https:\/\/sanqingniaoo.com\/es\/wp-json\/wp\/v2\/product\/29181","targetHints":{"allow":["GET"]}}],"collection":[{"href":"https:\/\/sanqingniaoo.com\/es\/wp-json\/wp\/v2\/product"}],"about":[{"href":"https:\/\/sanqingniaoo.com\/es\/wp-json\/wp\/v2\/types\/product"}],"replies":[{"embeddable":true,"href":"https:\/\/sanqingniaoo.com\/es\/wp-json\/wp\/v2\/comments?post=29181"}],"version-history":[{"count":0,"href":"https:\/\/sanqingniaoo.com\/es\/wp-json\/wp\/v2\/product\/29181\/revisions"}],"wp:featuredmedia":[{"embeddable":true,"href":"https:\/\/sanqingniaoo.com\/es\/wp-json\/wp\/v2\/media\/29179"}],"wp:attachment":[{"href":"https:\/\/sanqingniaoo.com\/es\/wp-json\/wp\/v2\/media?parent=29181"}],"wp:term":[{"taxonomy":"product_brand","embeddable":true,"href":"https:\/\/sanqingniaoo.com\/es\/wp-json\/wp\/v2\/product_brand?post=29181"},{"taxonomy":"product_cat","embeddable":true,"href":"https:\/\/sanqingniaoo.com\/es\/wp-json\/wp\/v2\/product_cat?post=29181"},{"taxonomy":"product_tag","embeddable":true,"href":"https:\/\/sanqingniaoo.com\/es\/wp-json\/wp\/v2\/product_tag?post=29181"}],"curies":[{"name":"wp","href":"https:\/\/api.w.org\/{rel}","templated":true}]}}