{"id":29197,"date":"2026-04-08T08:20:22","date_gmt":"2026-04-08T08:20:22","guid":{"rendered":"https:\/\/sanqingniaoo.com\/product\/bloom-chunky\/"},"modified":"2026-04-22T09:16:13","modified_gmt":"2026-04-22T09:16:13","slug":"bloom-chunky","status":"publish","type":"product","link":"https:\/\/sanqingniaoo.com\/es\/producto\/bloom-chunky\/","title":{"rendered":"Bloom\u00ae Chunky"},"content":{"rendered":"<p>Divertido, funcional y r\u00e1pido, Bloom Chunky crea un trabajo de color casi sin esfuerzo con un estampado floral o de puntos, en cualquier galga*, en punto o ganchillo. Ideal para principiantes, se puede lavar a m\u00e1quina y es muy suave, lo que la convierte en la elecci\u00f3n perfecta para accesorios y decoraci\u00f3n del hogar r\u00e1pidos y sencillos, para ti o para alguien especial.<br \/>\nSi desea acercarse m\u00e1s al aspecto del estampado floral, deber\u00e1 seguir la galga recomendada.<br \/>\nPunto o ganchillo con Bloom\u00ae - Recomendamos utilizar puntos de ganchillo sencillos con la galga indicada anteriormente para obtener los mejores resultados al tejer a ganchillo con este hilo. Ten en cuenta que el tejido de ganchillo acabado tendr\u00e1 un aspecto diferente al del tejido de punto, ya que los puntos de ganchillo var\u00edan mucho en anchura y altura, mientras que los puntos de punto son m\u00e1s uniformes.<\/p>","protected":false},"excerpt":{"rendered":"<p>Fun, functional, and fast, Bloom Chunky creates almost effortless colorwork with a self-patterning floral or dot print, at any gauge*,<\/p>","protected":false},"featured_media":29194,"comment_status":"open","ping_status":"closed","template":"","meta":[],"product_brand":[],"product_cat":[30],"product_tag":[],"class_list":{"0":"post-29197","1":"product","2":"type-product","3":"status-publish","4":"has-post-thumbnail","6":"product_cat-linen-yarn","8":"first","9":"instock","10":"shipping-taxable","11":"purchasable","12":"product-type-simple"},"_links":{"self":[{"href":"https:\/\/sanqingniaoo.com\/es\/wp-json\/wp\/v2\/product\/29197","targetHints":{"allow":["GET"]}}],"collection":[{"href":"https:\/\/sanqingniaoo.com\/es\/wp-json\/wp\/v2\/product"}],"about":[{"href":"https:\/\/sanqingniaoo.com\/es\/wp-json\/wp\/v2\/types\/product"}],"replies":[{"embeddable":true,"href":"https:\/\/sanqingniaoo.com\/es\/wp-json\/wp\/v2\/comments?post=29197"}],"version-history":[{"count":0,"href":"https:\/\/sanqingniaoo.com\/es\/wp-json\/wp\/v2\/product\/29197\/revisions"}],"wp:featuredmedia":[{"embeddable":true,"href":"https:\/\/sanqingniaoo.com\/es\/wp-json\/wp\/v2\/media\/29194"}],"wp:attachment":[{"href":"https:\/\/sanqingniaoo.com\/es\/wp-json\/wp\/v2\/media?parent=29197"}],"wp:term":[{"taxonomy":"product_brand","embeddable":true,"href":"https:\/\/sanqingniaoo.com\/es\/wp-json\/wp\/v2\/product_brand?post=29197"},{"taxonomy":"product_cat","embeddable":true,"href":"https:\/\/sanqingniaoo.com\/es\/wp-json\/wp\/v2\/product_cat?post=29197"},{"taxonomy":"product_tag","embeddable":true,"href":"https:\/\/sanqingniaoo.com\/es\/wp-json\/wp\/v2\/product_tag?post=29197"}],"curies":[{"name":"wp","href":"https:\/\/api.w.org\/{rel}","templated":true}]}}