{"id":29224,"date":"2026-04-08T08:20:27","date_gmt":"2026-04-08T08:20:27","guid":{"rendered":"https:\/\/sanqingniaoo.com\/product\/just-active-worsted-bag-of-3\/"},"modified":"2026-04-22T09:23:34","modified_gmt":"2026-04-22T09:23:34","slug":"just-active-worsted-bag-of-3","status":"publish","type":"product","link":"https:\/\/sanqingniaoo.com\/es\/producto\/just-active-worsted-bag-of-3\/","title":{"rendered":"Just\u00ae Active Worsted Bolsa de 3"},"content":{"rendered":"<p>Todas las ventas son definitivas. Bolsa de 3, mismo color.<br \/>\nEste art\u00edculo est\u00e1 descatalogado y no se repondr\u00e1. Aseg\u00farese de pedir lo suficiente para terminar su proyecto. No se aceptan devoluciones por art\u00edculos agotados.<br \/>\nLlene su alijo con este asequible hilo de mezcla de poli\u00e9ster y acr\u00edlico. Se vende en bolsas de 3 unidades de 150 gramos.<\/p>","protected":false},"excerpt":{"rendered":"<p>All sales final. Bag of 3, same color. This item is discontinued and will not be restocked. Be sure to<\/p>","protected":false},"featured_media":29221,"comment_status":"open","ping_status":"closed","template":"","meta":[],"product_brand":[],"product_cat":[30],"product_tag":[],"class_list":{"0":"post-29224","1":"product","2":"type-product","3":"status-publish","4":"has-post-thumbnail","6":"product_cat-linen-yarn","8":"first","9":"instock","10":"shipping-taxable","11":"purchasable","12":"product-type-simple"},"_links":{"self":[{"href":"https:\/\/sanqingniaoo.com\/es\/wp-json\/wp\/v2\/product\/29224","targetHints":{"allow":["GET"]}}],"collection":[{"href":"https:\/\/sanqingniaoo.com\/es\/wp-json\/wp\/v2\/product"}],"about":[{"href":"https:\/\/sanqingniaoo.com\/es\/wp-json\/wp\/v2\/types\/product"}],"replies":[{"embeddable":true,"href":"https:\/\/sanqingniaoo.com\/es\/wp-json\/wp\/v2\/comments?post=29224"}],"version-history":[{"count":0,"href":"https:\/\/sanqingniaoo.com\/es\/wp-json\/wp\/v2\/product\/29224\/revisions"}],"wp:featuredmedia":[{"embeddable":true,"href":"https:\/\/sanqingniaoo.com\/es\/wp-json\/wp\/v2\/media\/29221"}],"wp:attachment":[{"href":"https:\/\/sanqingniaoo.com\/es\/wp-json\/wp\/v2\/media?parent=29224"}],"wp:term":[{"taxonomy":"product_brand","embeddable":true,"href":"https:\/\/sanqingniaoo.com\/es\/wp-json\/wp\/v2\/product_brand?post=29224"},{"taxonomy":"product_cat","embeddable":true,"href":"https:\/\/sanqingniaoo.com\/es\/wp-json\/wp\/v2\/product_cat?post=29224"},{"taxonomy":"product_tag","embeddable":true,"href":"https:\/\/sanqingniaoo.com\/es\/wp-json\/wp\/v2\/product_tag?post=29224"}],"curies":[{"name":"wp","href":"https:\/\/api.w.org\/{rel}","templated":true}]}}