{"id":29232,"date":"2026-04-08T08:20:29","date_gmt":"2026-04-08T08:20:29","guid":{"rendered":"https:\/\/sanqingniaoo.com\/product\/serenity-chunky-bag-of-3\/"},"modified":"2026-04-22T09:23:07","modified_gmt":"2026-04-22T09:23:07","slug":"serenity-chunky-bag-of-3","status":"publish","type":"product","link":"https:\/\/sanqingniaoo.com\/es\/producto\/serenity-chunky-bag-of-3\/","title":{"rendered":"Serenity\u00ae Chunky Bolsa de 3"},"content":{"rendered":"<p>Todas las ventas son definitivas.<br \/>\nEste art\u00edculo est\u00e1 descatalogado. Aseg\u00farese de pedir suficiente para terminar su proyecto. No se aceptan devoluciones por art\u00edculos agotados.<br \/>\nUno de nuestros hilos m\u00e1s populares, este acr\u00edlico de peso grueso 100% es un ganador probado para proyectos de punto y ganchillo suaves, f\u00e1ciles de cuidar y r\u00e1pidos.\u00a0<br \/>\nTrabaje c\u00f3modamente sabiendo que este hilo es seguro para todos. Ha superado la norma m\u00e1s exigente, apto para el contacto directo con la piel m\u00e1s sensible, incluso la de beb\u00e9s y ni\u00f1os peque\u00f1os.<\/p>","protected":false},"excerpt":{"rendered":"<p>All sales final. This item is discontinued. Be sure to order enough to finish your project. No rainchecks for items<\/p>","protected":false},"featured_media":29228,"comment_status":"open","ping_status":"closed","template":"","meta":[],"product_brand":[],"product_cat":[30],"product_tag":[],"class_list":{"0":"post-29232","1":"product","2":"type-product","3":"status-publish","4":"has-post-thumbnail","6":"product_cat-linen-yarn","8":"first","9":"instock","10":"shipping-taxable","11":"purchasable","12":"product-type-simple"},"_links":{"self":[{"href":"https:\/\/sanqingniaoo.com\/es\/wp-json\/wp\/v2\/product\/29232","targetHints":{"allow":["GET"]}}],"collection":[{"href":"https:\/\/sanqingniaoo.com\/es\/wp-json\/wp\/v2\/product"}],"about":[{"href":"https:\/\/sanqingniaoo.com\/es\/wp-json\/wp\/v2\/types\/product"}],"replies":[{"embeddable":true,"href":"https:\/\/sanqingniaoo.com\/es\/wp-json\/wp\/v2\/comments?post=29232"}],"version-history":[{"count":0,"href":"https:\/\/sanqingniaoo.com\/es\/wp-json\/wp\/v2\/product\/29232\/revisions"}],"wp:featuredmedia":[{"embeddable":true,"href":"https:\/\/sanqingniaoo.com\/es\/wp-json\/wp\/v2\/media\/29228"}],"wp:attachment":[{"href":"https:\/\/sanqingniaoo.com\/es\/wp-json\/wp\/v2\/media?parent=29232"}],"wp:term":[{"taxonomy":"product_brand","embeddable":true,"href":"https:\/\/sanqingniaoo.com\/es\/wp-json\/wp\/v2\/product_brand?post=29232"},{"taxonomy":"product_cat","embeddable":true,"href":"https:\/\/sanqingniaoo.com\/es\/wp-json\/wp\/v2\/product_cat?post=29232"},{"taxonomy":"product_tag","embeddable":true,"href":"https:\/\/sanqingniaoo.com\/es\/wp-json\/wp\/v2\/product_tag?post=29232"}],"curies":[{"name":"wp","href":"https:\/\/api.w.org\/{rel}","templated":true}]}}