{"id":29235,"date":"2026-04-08T08:20:29","date_gmt":"2026-04-08T08:20:29","guid":{"rendered":"https:\/\/sanqingniaoo.com\/product\/value-bag-acrylic-dk\/"},"modified":"2026-04-22T09:22:26","modified_gmt":"2026-04-22T09:22:26","slug":"value-bag-acrylic-dk","status":"publish","type":"product","link":"https:\/\/sanqingniaoo.com\/es\/producto\/value-bag-acrylic-dk\/","title":{"rendered":"Bolsa Value Acrylic DK"},"content":{"rendered":"<p>Todas las ventas son definitivas. No se admiten cambios ni devoluciones.<br \/>\nEste art\u00edculo est\u00e1 descatalogado y no se repondr\u00e1. Aseg\u00farese de pedir lo suficiente para terminar su proyecto. No se aceptan devoluciones por art\u00edculos agotados.<br \/>\nAhorre a lo grande con estas bolsas de valor acr\u00edlico. Cada bolsa contiene 375-450 g de hilo lavable a m\u00e1quina. Estos hilos son cabos de bobina, as\u00ed que aseg\u00farese de pedir suficientes para completar su proyecto, ya que no podr\u00e1 volver a pedirlos. Todos los hilos son de selecci\u00f3n limitada y s\u00f3lo est\u00e1n disponibles hasta que se agoten las existencias.  Todos los hilos ser\u00e1n los mismos para cada bolsa como se describe en el t\u00edtulo del art\u00edculo. Los paquetes de 4 tendr\u00e1n ovillos m\u00e1s peque\u00f1os que los paquetes de 3. Todas las bolsas tendr\u00e1n 375-450 g de hilo, independientemente de la cantidad de ovillos.<\/p>","protected":false},"excerpt":{"rendered":"<p>All sales final. No returns or exchanges. This item is discontinued and will not be restocked. Be sure to order<\/p>","protected":false},"featured_media":29233,"comment_status":"open","ping_status":"closed","template":"","meta":[],"product_brand":[],"product_cat":[30],"product_tag":[],"class_list":{"0":"post-29235","1":"product","2":"type-product","3":"status-publish","4":"has-post-thumbnail","6":"product_cat-linen-yarn","8":"first","9":"outofstock","10":"shipping-taxable","11":"purchasable","12":"product-type-simple"},"_links":{"self":[{"href":"https:\/\/sanqingniaoo.com\/es\/wp-json\/wp\/v2\/product\/29235","targetHints":{"allow":["GET"]}}],"collection":[{"href":"https:\/\/sanqingniaoo.com\/es\/wp-json\/wp\/v2\/product"}],"about":[{"href":"https:\/\/sanqingniaoo.com\/es\/wp-json\/wp\/v2\/types\/product"}],"replies":[{"embeddable":true,"href":"https:\/\/sanqingniaoo.com\/es\/wp-json\/wp\/v2\/comments?post=29235"}],"version-history":[{"count":0,"href":"https:\/\/sanqingniaoo.com\/es\/wp-json\/wp\/v2\/product\/29235\/revisions"}],"wp:featuredmedia":[{"embeddable":true,"href":"https:\/\/sanqingniaoo.com\/es\/wp-json\/wp\/v2\/media\/29233"}],"wp:attachment":[{"href":"https:\/\/sanqingniaoo.com\/es\/wp-json\/wp\/v2\/media?parent=29235"}],"wp:term":[{"taxonomy":"product_brand","embeddable":true,"href":"https:\/\/sanqingniaoo.com\/es\/wp-json\/wp\/v2\/product_brand?post=29235"},{"taxonomy":"product_cat","embeddable":true,"href":"https:\/\/sanqingniaoo.com\/es\/wp-json\/wp\/v2\/product_cat?post=29235"},{"taxonomy":"product_tag","embeddable":true,"href":"https:\/\/sanqingniaoo.com\/es\/wp-json\/wp\/v2\/product_tag?post=29235"}],"curies":[{"name":"wp","href":"https:\/\/api.w.org\/{rel}","templated":true}]}}