{"id":29275,"date":"2026-04-08T08:21:09","date_gmt":"2026-04-08T08:21:09","guid":{"rendered":"https:\/\/sanqingniaoo.com\/product\/stash-goals-17-6oz-500g-chenille-bag\/"},"modified":"2026-04-22T09:23:25","modified_gmt":"2026-04-22T09:23:25","slug":"stash-goals-17-6oz-500g-chenille-bag","status":"publish","type":"product","link":"https:\/\/sanqingniaoo.com\/es\/producto\/stash-goals-17-6oz-500g-chenille-bag\/","title":{"rendered":"Bolsa de chenilla Stash Goals 17.6oz\/500g"},"content":{"rendered":"<p>All sales final, no returns or refunds.<br \/>\nEste art\u00edculo est\u00e1 descatalogado y no se repondr\u00e1. Aseg\u00farese de pedir lo suficiente para terminar su proyecto. No se aceptan devoluciones por art\u00edculos agotados.<br \/>\nA great opportunity to fill your yarn stash at a great price. Each bag contains 2 balls of &#8220;factory seconds&#8221; chenille yarn in the same color. Due to the nature of the yarn, there might be some variations in hand touch and sheen.\u00a0<\/p>","protected":false},"excerpt":{"rendered":"<p>All sales final, no returns or refunds. This item is discontinued and will not be restocked. Be sure to order<\/p>","protected":false},"featured_media":29273,"comment_status":"open","ping_status":"closed","template":"","meta":[],"product_brand":[],"product_cat":[46],"product_tag":[],"class_list":{"0":"post-29275","1":"product","2":"type-product","3":"status-publish","4":"has-post-thumbnail","6":"product_cat-synthetic-fiber","8":"first","9":"instock","10":"shipping-taxable","11":"purchasable","12":"product-type-simple"},"_links":{"self":[{"href":"https:\/\/sanqingniaoo.com\/es\/wp-json\/wp\/v2\/product\/29275","targetHints":{"allow":["GET"]}}],"collection":[{"href":"https:\/\/sanqingniaoo.com\/es\/wp-json\/wp\/v2\/product"}],"about":[{"href":"https:\/\/sanqingniaoo.com\/es\/wp-json\/wp\/v2\/types\/product"}],"replies":[{"embeddable":true,"href":"https:\/\/sanqingniaoo.com\/es\/wp-json\/wp\/v2\/comments?post=29275"}],"version-history":[{"count":0,"href":"https:\/\/sanqingniaoo.com\/es\/wp-json\/wp\/v2\/product\/29275\/revisions"}],"wp:featuredmedia":[{"embeddable":true,"href":"https:\/\/sanqingniaoo.com\/es\/wp-json\/wp\/v2\/media\/29273"}],"wp:attachment":[{"href":"https:\/\/sanqingniaoo.com\/es\/wp-json\/wp\/v2\/media?parent=29275"}],"wp:term":[{"taxonomy":"product_brand","embeddable":true,"href":"https:\/\/sanqingniaoo.com\/es\/wp-json\/wp\/v2\/product_brand?post=29275"},{"taxonomy":"product_cat","embeddable":true,"href":"https:\/\/sanqingniaoo.com\/es\/wp-json\/wp\/v2\/product_cat?post=29275"},{"taxonomy":"product_tag","embeddable":true,"href":"https:\/\/sanqingniaoo.com\/es\/wp-json\/wp\/v2\/product_tag?post=29275"}],"curies":[{"name":"wp","href":"https:\/\/api.w.org\/{rel}","templated":true}]}}