{"id":29280,"date":"2026-04-08T08:21:10","date_gmt":"2026-04-08T08:21:10","guid":{"rendered":"https:\/\/sanqingniaoo.com\/product\/gumdrop-chenille-bag-of-3\/"},"modified":"2026-04-22T09:22:45","modified_gmt":"2026-04-22T09:22:45","slug":"gumdrop-chenille-bag-of-3","status":"publish","type":"product","link":"https:\/\/sanqingniaoo.com\/es\/producto\/gumdrop-chenille-bag-of-3\/","title":{"rendered":"Gumdrop\u2122 Chenille Bolsa de 3"},"content":{"rendered":"<p>Todas las ventas son definitivas. Bolsa de 3, mismo color.<br \/>\nEste art\u00edculo est\u00e1 descatalogado y no se repondr\u00e1. Aseg\u00farese de pedir lo suficiente para terminar su proyecto. No se aceptan devoluciones por art\u00edculos agotados.<br \/>\nA\u00f1ade un poco de dulzura a tu amigurumi de ganchillo favorito o a tu patr\u00f3n de manta de punto favorito con nuestro \u00faltimo hilo, Premier\u00ae Gumdrop\u2122.<br \/>\nCada torta de 200 g de Premier\u00ae Gumdrop\u2122, f\u00e1cil de coser, es una maravillosa mezcla de un dibujo de 3 colores con rayas propias salpicado de chenilla blanca, suave y afelpada.<br \/>\nEste hilo de peso #6 Super Bulky se puede coser solo y sin todos esos molestos cabos que hay que tejer o combinarlo con su color favorito de Premier Parfait\u00ae Chunky y empezar a coleccionar cumplidos en su pr\u00f3ximo proyecto.<br \/>\nTrabaje c\u00f3modamente sabiendo que este hilo es seguro para todos. Ha superado la norma m\u00e1s exigente, apto para el contacto directo con la piel m\u00e1s sensible, incluso la de beb\u00e9s y ni\u00f1os peque\u00f1os.<\/p>","protected":false},"excerpt":{"rendered":"<p>All sales final. Bag of 3, same color. This item is discontinued and will not be restocked. Be sure to<\/p>","protected":false},"featured_media":29277,"comment_status":"open","ping_status":"closed","template":"","meta":[],"product_brand":[],"product_cat":[46],"product_tag":[],"class_list":{"0":"post-29280","1":"product","2":"type-product","3":"status-publish","4":"has-post-thumbnail","6":"product_cat-synthetic-fiber","8":"first","9":"instock","10":"shipping-taxable","11":"purchasable","12":"product-type-simple"},"_links":{"self":[{"href":"https:\/\/sanqingniaoo.com\/es\/wp-json\/wp\/v2\/product\/29280","targetHints":{"allow":["GET"]}}],"collection":[{"href":"https:\/\/sanqingniaoo.com\/es\/wp-json\/wp\/v2\/product"}],"about":[{"href":"https:\/\/sanqingniaoo.com\/es\/wp-json\/wp\/v2\/types\/product"}],"replies":[{"embeddable":true,"href":"https:\/\/sanqingniaoo.com\/es\/wp-json\/wp\/v2\/comments?post=29280"}],"version-history":[{"count":0,"href":"https:\/\/sanqingniaoo.com\/es\/wp-json\/wp\/v2\/product\/29280\/revisions"}],"wp:featuredmedia":[{"embeddable":true,"href":"https:\/\/sanqingniaoo.com\/es\/wp-json\/wp\/v2\/media\/29277"}],"wp:attachment":[{"href":"https:\/\/sanqingniaoo.com\/es\/wp-json\/wp\/v2\/media?parent=29280"}],"wp:term":[{"taxonomy":"product_brand","embeddable":true,"href":"https:\/\/sanqingniaoo.com\/es\/wp-json\/wp\/v2\/product_brand?post=29280"},{"taxonomy":"product_cat","embeddable":true,"href":"https:\/\/sanqingniaoo.com\/es\/wp-json\/wp\/v2\/product_cat?post=29280"},{"taxonomy":"product_tag","embeddable":true,"href":"https:\/\/sanqingniaoo.com\/es\/wp-json\/wp\/v2\/product_tag?post=29280"}],"curies":[{"name":"wp","href":"https:\/\/api.w.org\/{rel}","templated":true}]}}