{"id":29320,"date":"2026-04-08T08:27:33","date_gmt":"2026-04-08T08:27:33","guid":{"rendered":"https:\/\/sanqingniaoo.com\/product\/spice-shop-2\/"},"modified":"2026-04-22T09:22:36","modified_gmt":"2026-04-22T09:22:36","slug":"spice-shop-2","status":"publish","type":"product","link":"https:\/\/sanqingniaoo.com\/es\/producto\/spice-shop-2\/","title":{"rendered":"Spice Shop\u2122 (tienda de especias)"},"content":{"rendered":"<p>Del armario de las especias a tu reserva de lana, Spice Shop\u2122 es una lana con rayas inspirada en las especias y las hierbas. Este hilo de mezcla de lana es suave al tacto, mientras que cada uno de los colores de auto-estr\u00edas tiene capas de colores ricos y atrevidos. Con Spice Shop\u2122, tus labores de punto quedar\u00e1n realmente realzadas, por lo que es ideal para realizar cables y puntadas texturizadas en accesorios, prendas y mucho m\u00e1s.<br \/>\nTrabaje c\u00f3modamente sabiendo que este hilo es seguro para todos. Ha superado la norma m\u00e1s exigente, apto para el contacto directo con la piel m\u00e1s sensible, incluso la de beb\u00e9s y ni\u00f1os peque\u00f1os.<\/p>","protected":false},"excerpt":{"rendered":"<p>From the spice cabinet to your yarn stash, Spice Shop\u2122 is a self-striping yarn inspired by spices and herbs. This<\/p>","protected":false},"featured_media":29316,"comment_status":"open","ping_status":"closed","template":"","meta":[],"product_brand":[],"product_cat":[28],"product_tag":[],"class_list":{"0":"post-29320","1":"product","2":"type-product","3":"status-publish","4":"has-post-thumbnail","6":"product_cat-wool","8":"first","9":"instock","10":"shipping-taxable","11":"purchasable","12":"product-type-simple"},"_links":{"self":[{"href":"https:\/\/sanqingniaoo.com\/es\/wp-json\/wp\/v2\/product\/29320","targetHints":{"allow":["GET"]}}],"collection":[{"href":"https:\/\/sanqingniaoo.com\/es\/wp-json\/wp\/v2\/product"}],"about":[{"href":"https:\/\/sanqingniaoo.com\/es\/wp-json\/wp\/v2\/types\/product"}],"replies":[{"embeddable":true,"href":"https:\/\/sanqingniaoo.com\/es\/wp-json\/wp\/v2\/comments?post=29320"}],"version-history":[{"count":0,"href":"https:\/\/sanqingniaoo.com\/es\/wp-json\/wp\/v2\/product\/29320\/revisions"}],"wp:featuredmedia":[{"embeddable":true,"href":"https:\/\/sanqingniaoo.com\/es\/wp-json\/wp\/v2\/media\/29316"}],"wp:attachment":[{"href":"https:\/\/sanqingniaoo.com\/es\/wp-json\/wp\/v2\/media?parent=29320"}],"wp:term":[{"taxonomy":"product_brand","embeddable":true,"href":"https:\/\/sanqingniaoo.com\/es\/wp-json\/wp\/v2\/product_brand?post=29320"},{"taxonomy":"product_cat","embeddable":true,"href":"https:\/\/sanqingniaoo.com\/es\/wp-json\/wp\/v2\/product_cat?post=29320"},{"taxonomy":"product_tag","embeddable":true,"href":"https:\/\/sanqingniaoo.com\/es\/wp-json\/wp\/v2\/product_tag?post=29320"}],"curies":[{"name":"wp","href":"https:\/\/api.w.org\/{rel}","templated":true}]}}