{"id":29321,"date":"2026-04-08T08:27:33","date_gmt":"2026-04-08T08:27:33","guid":{"rendered":"https:\/\/sanqingniaoo.com\/product\/stitch-please-superwash-dk-extra-fine-merino-2\/"},"modified":"2026-04-22T09:23:30","modified_gmt":"2026-04-22T09:23:30","slug":"stitch-please-superwash-dk-extra-fine-merino-2","status":"publish","type":"product","link":"https:\/\/sanqingniaoo.com\/es\/producto\/stitch-please-superwash-dk-extra-fine-merino-2\/","title":{"rendered":"Stitch Please\u2122 Superwash DK Merino extrafino"},"content":{"rendered":"<p>Desp\u00eddete de la lana \u00e1spera y reg\u00e1lale a tus manos el hilo de merino extrafino m\u00e1s suave. Este nuevo miembro de la familia Stitch Please\u2122 es el\u00e1stico con una torsi\u00f3n apretada, \u00a1dando una definici\u00f3n asombrosa a los cables, la textura, el encaje y cualquier patr\u00f3n de punto! Con 36 colores para cada dise\u00f1o, disfrutar\u00e1s trabajando con este hilo 100% Superwash Extra Fine Merino Wool. Este hilo de peso DK, lavable a m\u00e1quina, es perfecto para jers\u00e9is, bufandas y calcetines... \u00a1madre m\u00eda!<br \/>\nEleve todos sus proyectos con nuestra nueva y maravillosa lana merino.<br \/>\nT\u00f3mate un tiempo para relajarte con Stitch Please\u2122.<\/p>","protected":false},"excerpt":{"rendered":"<p>Say goodbye to scratchy wool and treat your hands to the softest extra fine merino yarn. This newest member of<\/p>","protected":false},"featured_media":29318,"comment_status":"open","ping_status":"closed","template":"","meta":[],"product_brand":[],"product_cat":[28],"product_tag":[],"class_list":{"0":"post-29321","1":"product","2":"type-product","3":"status-publish","4":"has-post-thumbnail","6":"product_cat-wool","8":"first","9":"instock","10":"shipping-taxable","11":"purchasable","12":"product-type-simple"},"_links":{"self":[{"href":"https:\/\/sanqingniaoo.com\/es\/wp-json\/wp\/v2\/product\/29321","targetHints":{"allow":["GET"]}}],"collection":[{"href":"https:\/\/sanqingniaoo.com\/es\/wp-json\/wp\/v2\/product"}],"about":[{"href":"https:\/\/sanqingniaoo.com\/es\/wp-json\/wp\/v2\/types\/product"}],"replies":[{"embeddable":true,"href":"https:\/\/sanqingniaoo.com\/es\/wp-json\/wp\/v2\/comments?post=29321"}],"version-history":[{"count":0,"href":"https:\/\/sanqingniaoo.com\/es\/wp-json\/wp\/v2\/product\/29321\/revisions"}],"wp:featuredmedia":[{"embeddable":true,"href":"https:\/\/sanqingniaoo.com\/es\/wp-json\/wp\/v2\/media\/29318"}],"wp:attachment":[{"href":"https:\/\/sanqingniaoo.com\/es\/wp-json\/wp\/v2\/media?parent=29321"}],"wp:term":[{"taxonomy":"product_brand","embeddable":true,"href":"https:\/\/sanqingniaoo.com\/es\/wp-json\/wp\/v2\/product_brand?post=29321"},{"taxonomy":"product_cat","embeddable":true,"href":"https:\/\/sanqingniaoo.com\/es\/wp-json\/wp\/v2\/product_cat?post=29321"},{"taxonomy":"product_tag","embeddable":true,"href":"https:\/\/sanqingniaoo.com\/es\/wp-json\/wp\/v2\/product_tag?post=29321"}],"curies":[{"name":"wp","href":"https:\/\/api.w.org\/{rel}","templated":true}]}}