{"id":29325,"date":"2026-04-08T08:27:34","date_gmt":"2026-04-08T08:27:34","guid":{"rendered":"https:\/\/sanqingniaoo.com\/product\/stitch-please-superwash-worsted-2\/"},"modified":"2026-04-22T09:22:43","modified_gmt":"2026-04-22T09:22:43","slug":"stitch-please-superwash-worsted-2","status":"publish","type":"product","link":"https:\/\/sanqingniaoo.com\/es\/producto\/stitch-please-superwash-worsted-2\/","title":{"rendered":"Stitch Please\u2122 Superwash Worsted"},"content":{"rendered":"<p>Stitch Please Superwash Worsted es todo lo que le gusta de la lana peinada, pero lavable y secable a m\u00e1quina. Este hilo tiene una maravillosa forma redonda y una textura el\u00e1stica que crea una definici\u00f3n de puntada encantadora. Cree prendas y accesorios bonitos, duraderos y f\u00e1ciles de cuidar. T\u00f3mese su tiempo para relajarse con Stitch Please.<\/p>","protected":false},"excerpt":{"rendered":"<p>Stitch Please Superwash Worsted is everything you love about worsted weight wool yarn, but machine washable and dryable! This yarn<\/p>","protected":false},"featured_media":29322,"comment_status":"open","ping_status":"closed","template":"","meta":[],"product_brand":[],"product_cat":[28],"product_tag":[],"class_list":{"0":"post-29325","1":"product","2":"type-product","3":"status-publish","4":"has-post-thumbnail","6":"product_cat-wool","8":"first","9":"instock","10":"shipping-taxable","11":"purchasable","12":"product-type-simple"},"_links":{"self":[{"href":"https:\/\/sanqingniaoo.com\/es\/wp-json\/wp\/v2\/product\/29325","targetHints":{"allow":["GET"]}}],"collection":[{"href":"https:\/\/sanqingniaoo.com\/es\/wp-json\/wp\/v2\/product"}],"about":[{"href":"https:\/\/sanqingniaoo.com\/es\/wp-json\/wp\/v2\/types\/product"}],"replies":[{"embeddable":true,"href":"https:\/\/sanqingniaoo.com\/es\/wp-json\/wp\/v2\/comments?post=29325"}],"version-history":[{"count":0,"href":"https:\/\/sanqingniaoo.com\/es\/wp-json\/wp\/v2\/product\/29325\/revisions"}],"wp:featuredmedia":[{"embeddable":true,"href":"https:\/\/sanqingniaoo.com\/es\/wp-json\/wp\/v2\/media\/29322"}],"wp:attachment":[{"href":"https:\/\/sanqingniaoo.com\/es\/wp-json\/wp\/v2\/media?parent=29325"}],"wp:term":[{"taxonomy":"product_brand","embeddable":true,"href":"https:\/\/sanqingniaoo.com\/es\/wp-json\/wp\/v2\/product_brand?post=29325"},{"taxonomy":"product_cat","embeddable":true,"href":"https:\/\/sanqingniaoo.com\/es\/wp-json\/wp\/v2\/product_cat?post=29325"},{"taxonomy":"product_tag","embeddable":true,"href":"https:\/\/sanqingniaoo.com\/es\/wp-json\/wp\/v2\/product_tag?post=29325"}],"curies":[{"name":"wp","href":"https:\/\/api.w.org\/{rel}","templated":true}]}}