{"id":29327,"date":"2026-04-08T08:27:34","date_gmt":"2026-04-08T08:27:34","guid":{"rendered":"https:\/\/sanqingniaoo.com\/product\/stitch-please-100-wool-worsted-2\/"},"modified":"2026-04-22T09:43:32","modified_gmt":"2026-04-22T09:43:32","slug":"stitch-please-100-wool-worsted-2","status":"publish","type":"product","link":"https:\/\/sanqingniaoo.com\/es\/producto\/stitch-please-100-wool-worsted-2\/","title":{"rendered":"Stitch Please\u2122 100% Lana Peinada"},"content":{"rendered":"<p>Stitch Please 100% Wool Worsted es el hilo b\u00e1sico perfecto para todas sus necesidades. Cl\u00e1sico y atemporal, este hilo de peso estambre es ideal para crear prendas que te encantar\u00e1n durante a\u00f1os y accesorios que te mantendr\u00e1n caliente invierno tras invierno. Este hilo tiene muchas caracter\u00edsticas fant\u00e1sticas: su suave estructura trenzada lo hace maravilloso para el cableado y el colorwork, la lana 100% sin superlavado lo hace ideal para crear proyectos de fieltro, y tambi\u00e9n es una opci\u00f3n excelente para tejer y bordar con aguja punzonada. T\u00f3mese su tiempo para relajarse con Stitch Please.<\/p>","protected":false},"excerpt":{"rendered":"<p>Stitch Please 100% Wool Worsted is the perfect staple yarn for all your yarn crafting needs. Classic and timeless, this<\/p>","protected":false},"featured_media":29324,"comment_status":"open","ping_status":"closed","template":"","meta":[],"product_brand":[],"product_cat":[28],"product_tag":[],"class_list":{"0":"post-29327","1":"product","2":"type-product","3":"status-publish","4":"has-post-thumbnail","6":"product_cat-wool","8":"first","9":"instock","10":"shipping-taxable","11":"purchasable","12":"product-type-simple"},"_links":{"self":[{"href":"https:\/\/sanqingniaoo.com\/es\/wp-json\/wp\/v2\/product\/29327","targetHints":{"allow":["GET"]}}],"collection":[{"href":"https:\/\/sanqingniaoo.com\/es\/wp-json\/wp\/v2\/product"}],"about":[{"href":"https:\/\/sanqingniaoo.com\/es\/wp-json\/wp\/v2\/types\/product"}],"replies":[{"embeddable":true,"href":"https:\/\/sanqingniaoo.com\/es\/wp-json\/wp\/v2\/comments?post=29327"}],"version-history":[{"count":0,"href":"https:\/\/sanqingniaoo.com\/es\/wp-json\/wp\/v2\/product\/29327\/revisions"}],"wp:featuredmedia":[{"embeddable":true,"href":"https:\/\/sanqingniaoo.com\/es\/wp-json\/wp\/v2\/media\/29324"}],"wp:attachment":[{"href":"https:\/\/sanqingniaoo.com\/es\/wp-json\/wp\/v2\/media?parent=29327"}],"wp:term":[{"taxonomy":"product_brand","embeddable":true,"href":"https:\/\/sanqingniaoo.com\/es\/wp-json\/wp\/v2\/product_brand?post=29327"},{"taxonomy":"product_cat","embeddable":true,"href":"https:\/\/sanqingniaoo.com\/es\/wp-json\/wp\/v2\/product_cat?post=29327"},{"taxonomy":"product_tag","embeddable":true,"href":"https:\/\/sanqingniaoo.com\/es\/wp-json\/wp\/v2\/product_tag?post=29327"}],"curies":[{"name":"wp","href":"https:\/\/api.w.org\/{rel}","templated":true}]}}