{"id":29333,"date":"2026-04-08T08:27:35","date_gmt":"2026-04-08T08:27:35","guid":{"rendered":"https:\/\/sanqingniaoo.com\/product\/elle-by-me-odette-2\/"},"modified":"2026-04-22T09:31:22","modified_gmt":"2026-04-22T09:31:22","slug":"elle-by-me-odette-2","status":"publish","type":"product","link":"https:\/\/sanqingniaoo.com\/es\/producto\/elle-by-me-odette-2\/","title":{"rendered":"ELLE by Me Odette"},"content":{"rendered":"<p>M\u00e1s ligera que el aire, Odette es so\u00f1adora y et\u00e9rea. La lana merino y la alpaca aportan calidez y volumen a su mezcla de fibras, mientras que un hilo met\u00e1lico a\u00f1ade un sutil brillo. Con un generoso metraje y un sofisticado surtido de colores apagados, los jers\u00e9is y accesorios cosidos con Odette flotar\u00e1n hasta la parte delantera de tu armario una y otra vez.<\/p>","protected":false},"excerpt":{"rendered":"<p>Lighter than air, Odette is dreamy and ethereal. Merino wool and alpaca supply warmth and loft to her fiber blend,<\/p>","protected":false},"featured_media":29328,"comment_status":"open","ping_status":"closed","template":"","meta":[],"product_brand":[],"product_cat":[28],"product_tag":[],"class_list":{"0":"post-29333","1":"product","2":"type-product","3":"status-publish","4":"has-post-thumbnail","6":"product_cat-wool","8":"first","9":"instock","10":"shipping-taxable","11":"purchasable","12":"product-type-simple"},"_links":{"self":[{"href":"https:\/\/sanqingniaoo.com\/es\/wp-json\/wp\/v2\/product\/29333","targetHints":{"allow":["GET"]}}],"collection":[{"href":"https:\/\/sanqingniaoo.com\/es\/wp-json\/wp\/v2\/product"}],"about":[{"href":"https:\/\/sanqingniaoo.com\/es\/wp-json\/wp\/v2\/types\/product"}],"replies":[{"embeddable":true,"href":"https:\/\/sanqingniaoo.com\/es\/wp-json\/wp\/v2\/comments?post=29333"}],"version-history":[{"count":0,"href":"https:\/\/sanqingniaoo.com\/es\/wp-json\/wp\/v2\/product\/29333\/revisions"}],"wp:featuredmedia":[{"embeddable":true,"href":"https:\/\/sanqingniaoo.com\/es\/wp-json\/wp\/v2\/media\/29328"}],"wp:attachment":[{"href":"https:\/\/sanqingniaoo.com\/es\/wp-json\/wp\/v2\/media?parent=29333"}],"wp:term":[{"taxonomy":"product_brand","embeddable":true,"href":"https:\/\/sanqingniaoo.com\/es\/wp-json\/wp\/v2\/product_brand?post=29333"},{"taxonomy":"product_cat","embeddable":true,"href":"https:\/\/sanqingniaoo.com\/es\/wp-json\/wp\/v2\/product_cat?post=29333"},{"taxonomy":"product_tag","embeddable":true,"href":"https:\/\/sanqingniaoo.com\/es\/wp-json\/wp\/v2\/product_tag?post=29333"}],"curies":[{"name":"wp","href":"https:\/\/api.w.org\/{rel}","templated":true}]}}