{"id":29336,"date":"2026-04-08T08:27:36","date_gmt":"2026-04-08T08:27:36","guid":{"rendered":"https:\/\/sanqingniaoo.com\/product\/elle-by-me-charlotte-2\/"},"modified":"2026-04-22T09:43:48","modified_gmt":"2026-04-22T09:43:48","slug":"elle-by-me-charlotte-2","status":"publish","type":"product","link":"https:\/\/sanqingniaoo.com\/es\/producto\/elle-by-me-charlotte-2\/","title":{"rendered":"ELLE by Me Charlotte"},"content":{"rendered":"<p>Crea tu pr\u00f3xima obra maestra con la vers\u00e1til y resistente Charlotte. Charlotte es una mezcla suave y voluminosa de acr\u00edlico y lana que garantiza facilidad de uso, durabilidad en el lavado y calidez cuando bajan las temperaturas. Su sofisticada paleta de colores ofrece tonos s\u00f3lidos y coordinados para adaptarse a su estilo, desde el cub\u00edculo hasta el caf\u00e9, y en todas partes.<\/p>","protected":false},"excerpt":{"rendered":"<p>Craft your next masterpiece using versatile and resilient Charlotte! Charlotte is a soft, bulky-weight blend of acrylic and wool, ensuring<\/p>","protected":false},"featured_media":29334,"comment_status":"open","ping_status":"closed","template":"","meta":[],"product_brand":[],"product_cat":[28],"product_tag":[],"class_list":{"0":"post-29336","1":"product","2":"type-product","3":"status-publish","4":"has-post-thumbnail","6":"product_cat-wool","8":"first","9":"instock","10":"shipping-taxable","11":"purchasable","12":"product-type-simple"},"_links":{"self":[{"href":"https:\/\/sanqingniaoo.com\/es\/wp-json\/wp\/v2\/product\/29336","targetHints":{"allow":["GET"]}}],"collection":[{"href":"https:\/\/sanqingniaoo.com\/es\/wp-json\/wp\/v2\/product"}],"about":[{"href":"https:\/\/sanqingniaoo.com\/es\/wp-json\/wp\/v2\/types\/product"}],"replies":[{"embeddable":true,"href":"https:\/\/sanqingniaoo.com\/es\/wp-json\/wp\/v2\/comments?post=29336"}],"version-history":[{"count":0,"href":"https:\/\/sanqingniaoo.com\/es\/wp-json\/wp\/v2\/product\/29336\/revisions"}],"wp:featuredmedia":[{"embeddable":true,"href":"https:\/\/sanqingniaoo.com\/es\/wp-json\/wp\/v2\/media\/29334"}],"wp:attachment":[{"href":"https:\/\/sanqingniaoo.com\/es\/wp-json\/wp\/v2\/media?parent=29336"}],"wp:term":[{"taxonomy":"product_brand","embeddable":true,"href":"https:\/\/sanqingniaoo.com\/es\/wp-json\/wp\/v2\/product_brand?post=29336"},{"taxonomy":"product_cat","embeddable":true,"href":"https:\/\/sanqingniaoo.com\/es\/wp-json\/wp\/v2\/product_cat?post=29336"},{"taxonomy":"product_tag","embeddable":true,"href":"https:\/\/sanqingniaoo.com\/es\/wp-json\/wp\/v2\/product_tag?post=29336"}],"curies":[{"name":"wp","href":"https:\/\/api.w.org\/{rel}","templated":true}]}}