{"id":29340,"date":"2026-04-08T08:27:36","date_gmt":"2026-04-08T08:27:36","guid":{"rendered":"https:\/\/sanqingniaoo.com\/product\/posh-alpaca\/"},"modified":"2026-04-22T09:43:42","modified_gmt":"2026-04-22T09:43:42","slug":"posh-alpaca","status":"publish","type":"product","link":"https:\/\/sanqingniaoo.com\/es\/producto\/posh-alpaca\/","title":{"rendered":"Posh Alpaca"},"content":{"rendered":"<p>Hilado en Italia, Posh Alpaca es un hilo suave y acolchado compuesto de lana, alpaca superfina y acr\u00edlico. Los tonos naturales jaspeados combinan a la perfecci\u00f3n con los ricos matices oto\u00f1ales de la paleta. Crea un tejido sorprendentemente ligero y vaporoso, perfecto para prendas y accesorios acogedores. Este hilo destaca tanto en dise\u00f1os minimalistas como en patrones con m\u00e1s elementos de textura.<br \/>\nFabricado en Italia<\/p>","protected":false},"excerpt":{"rendered":"<p>Spun\u00a0in Italy; Posh Alpaca is a soft, pillowy roving yarn comprised of wool, superfine alpaca, and acrylic. The heathered natural<\/p>","protected":false},"featured_media":29338,"comment_status":"open","ping_status":"closed","template":"","meta":[],"product_brand":[],"product_cat":[28],"product_tag":[],"class_list":{"0":"post-29340","1":"product","2":"type-product","3":"status-publish","4":"has-post-thumbnail","6":"product_cat-wool","8":"first","9":"outofstock","10":"shipping-taxable","11":"purchasable","12":"product-type-simple"},"_links":{"self":[{"href":"https:\/\/sanqingniaoo.com\/es\/wp-json\/wp\/v2\/product\/29340","targetHints":{"allow":["GET"]}}],"collection":[{"href":"https:\/\/sanqingniaoo.com\/es\/wp-json\/wp\/v2\/product"}],"about":[{"href":"https:\/\/sanqingniaoo.com\/es\/wp-json\/wp\/v2\/types\/product"}],"replies":[{"embeddable":true,"href":"https:\/\/sanqingniaoo.com\/es\/wp-json\/wp\/v2\/comments?post=29340"}],"version-history":[{"count":0,"href":"https:\/\/sanqingniaoo.com\/es\/wp-json\/wp\/v2\/product\/29340\/revisions"}],"wp:featuredmedia":[{"embeddable":true,"href":"https:\/\/sanqingniaoo.com\/es\/wp-json\/wp\/v2\/media\/29338"}],"wp:attachment":[{"href":"https:\/\/sanqingniaoo.com\/es\/wp-json\/wp\/v2\/media?parent=29340"}],"wp:term":[{"taxonomy":"product_brand","embeddable":true,"href":"https:\/\/sanqingniaoo.com\/es\/wp-json\/wp\/v2\/product_brand?post=29340"},{"taxonomy":"product_cat","embeddable":true,"href":"https:\/\/sanqingniaoo.com\/es\/wp-json\/wp\/v2\/product_cat?post=29340"},{"taxonomy":"product_tag","embeddable":true,"href":"https:\/\/sanqingniaoo.com\/es\/wp-json\/wp\/v2\/product_tag?post=29340"}],"curies":[{"name":"wp","href":"https:\/\/api.w.org\/{rel}","templated":true}]}}