{"id":29344,"date":"2026-04-08T08:27:37","date_gmt":"2026-04-08T08:27:37","guid":{"rendered":"https:\/\/sanqingniaoo.com\/product\/elle-by-me-charlotte-sunny-bag-of-3\/"},"modified":"2026-04-22T09:30:49","modified_gmt":"2026-04-22T09:30:49","slug":"elle-by-me-charlotte-sunny-bag-of-3","status":"publish","type":"product","link":"https:\/\/sanqingniaoo.com\/es\/producto\/elle-by-me-charlotte-sunny-bag-of-3\/","title":{"rendered":"ELLE by Me Charlotte Sunny Bolsa de 3"},"content":{"rendered":"<p>Todas las ventas son definitivas. Bolsa de 3, mismo color.<br \/>\nEste art\u00edculo est\u00e1 descatalogado y no se repondr\u00e1. Aseg\u00farese de pedir lo suficiente para terminar su proyecto. No se aceptan devoluciones por art\u00edculos agotados.<br \/>\nA great opportunity to fill your yarn stash at a great price. Each bag contains 3 balls of yarn in the same color. There might be some variations in colors from the original ELLE by Me Charlotte Sunny yarn which is why it is being offered at a discount.<\/p>","protected":false},"excerpt":{"rendered":"<p>All sales final. Bag of 3, same color. This item is discontinued and will not be restocked. Be sure to<\/p>","protected":false},"featured_media":29343,"comment_status":"open","ping_status":"closed","template":"","meta":[],"product_brand":[],"product_cat":[28],"product_tag":[],"class_list":{"0":"post-29344","1":"product","2":"type-product","3":"status-publish","4":"has-post-thumbnail","6":"product_cat-wool","8":"first","9":"instock","10":"shipping-taxable","11":"purchasable","12":"product-type-simple"},"_links":{"self":[{"href":"https:\/\/sanqingniaoo.com\/es\/wp-json\/wp\/v2\/product\/29344","targetHints":{"allow":["GET"]}}],"collection":[{"href":"https:\/\/sanqingniaoo.com\/es\/wp-json\/wp\/v2\/product"}],"about":[{"href":"https:\/\/sanqingniaoo.com\/es\/wp-json\/wp\/v2\/types\/product"}],"replies":[{"embeddable":true,"href":"https:\/\/sanqingniaoo.com\/es\/wp-json\/wp\/v2\/comments?post=29344"}],"version-history":[{"count":0,"href":"https:\/\/sanqingniaoo.com\/es\/wp-json\/wp\/v2\/product\/29344\/revisions"}],"wp:featuredmedia":[{"embeddable":true,"href":"https:\/\/sanqingniaoo.com\/es\/wp-json\/wp\/v2\/media\/29343"}],"wp:attachment":[{"href":"https:\/\/sanqingniaoo.com\/es\/wp-json\/wp\/v2\/media?parent=29344"}],"wp:term":[{"taxonomy":"product_brand","embeddable":true,"href":"https:\/\/sanqingniaoo.com\/es\/wp-json\/wp\/v2\/product_brand?post=29344"},{"taxonomy":"product_cat","embeddable":true,"href":"https:\/\/sanqingniaoo.com\/es\/wp-json\/wp\/v2\/product_cat?post=29344"},{"taxonomy":"product_tag","embeddable":true,"href":"https:\/\/sanqingniaoo.com\/es\/wp-json\/wp\/v2\/product_tag?post=29344"}],"curies":[{"name":"wp","href":"https:\/\/api.w.org\/{rel}","templated":true}]}}