{"id":29068,"date":"2026-04-08T08:09:23","date_gmt":"2026-04-08T08:09:23","guid":{"rendered":"https:\/\/sanqingniaoo.com\/product\/hipster-cotton\/"},"modified":"2026-04-22T08:26:11","modified_gmt":"2026-04-22T08:26:11","slug":"hipster-cotton","status":"publish","type":"product","link":"https:\/\/sanqingniaoo.com\/it\/prodotto\/hipster-cotton\/","title":{"rendered":"Cotone Hipster"},"content":{"rendered":"<p>Questo filato di cotone 100%, peso DK, presenta strisce vivaci e audaci che ricordano il tie-dye. Cotone Hipster per creare capi e accessori divertenti e colorati per tutte le et\u00e0. Utilizzatelo per capi estivi a s\u00e9 stanti o per capi invernali, in ogni caso dar\u00e0 un tocco di colore vivace al vostro guardaroba!<\/p>","protected":false},"excerpt":{"rendered":"<p>This DK weight, 100% cotton yarn features bright and bold stripes, reminiscent of tie-dye. Hipster Cotton for creating fun and<\/p>","protected":false},"featured_media":29066,"comment_status":"open","ping_status":"closed","template":"","meta":[],"product_brand":[],"product_cat":[27],"product_tag":[],"class_list":{"0":"post-29068","1":"product","2":"type-product","3":"status-publish","4":"has-post-thumbnail","6":"product_cat-pure-cotton-yarn","8":"first","9":"instock","10":"shipping-taxable","11":"purchasable","12":"product-type-simple"},"_links":{"self":[{"href":"https:\/\/sanqingniaoo.com\/it\/wp-json\/wp\/v2\/product\/29068","targetHints":{"allow":["GET"]}}],"collection":[{"href":"https:\/\/sanqingniaoo.com\/it\/wp-json\/wp\/v2\/product"}],"about":[{"href":"https:\/\/sanqingniaoo.com\/it\/wp-json\/wp\/v2\/types\/product"}],"replies":[{"embeddable":true,"href":"https:\/\/sanqingniaoo.com\/it\/wp-json\/wp\/v2\/comments?post=29068"}],"version-history":[{"count":0,"href":"https:\/\/sanqingniaoo.com\/it\/wp-json\/wp\/v2\/product\/29068\/revisions"}],"wp:featuredmedia":[{"embeddable":true,"href":"https:\/\/sanqingniaoo.com\/it\/wp-json\/wp\/v2\/media\/29066"}],"wp:attachment":[{"href":"https:\/\/sanqingniaoo.com\/it\/wp-json\/wp\/v2\/media?parent=29068"}],"wp:term":[{"taxonomy":"product_brand","embeddable":true,"href":"https:\/\/sanqingniaoo.com\/it\/wp-json\/wp\/v2\/product_brand?post=29068"},{"taxonomy":"product_cat","embeddable":true,"href":"https:\/\/sanqingniaoo.com\/it\/wp-json\/wp\/v2\/product_cat?post=29068"},{"taxonomy":"product_tag","embeddable":true,"href":"https:\/\/sanqingniaoo.com\/it\/wp-json\/wp\/v2\/product_tag?post=29068"}],"curies":[{"name":"wp","href":"https:\/\/api.w.org\/{rel}","templated":true}]}}