{"id":29069,"date":"2026-04-08T08:09:23","date_gmt":"2026-04-08T08:09:23","guid":{"rendered":"https:\/\/sanqingniaoo.com\/product\/bamboo-fair\/"},"modified":"2026-04-22T08:27:31","modified_gmt":"2026-04-22T08:27:31","slug":"bamboo-fair","status":"publish","type":"product","link":"https:\/\/sanqingniaoo.com\/it\/prodotto\/bamboo-fair\/","title":{"rendered":"Fiera del bamb\u00f9"},"content":{"rendered":"<p>Grazie alla morbida fibra di bamb\u00f9 mista a cotone, Bamboo Fair ha una sottile lucentezza e una morbidezza setosa che vi far\u00e0 venire voglia di indossarlo tutto l'anno. Ideale per i progetti da realizzare nelle stagioni calde, Bamboo Fair \u00e8 l'accompagnamento perfetto per la prossima gita in spiaggia, per il picnic estivo o per avvolgere l'ultimo arrivato in famiglia.<br \/>\nLavorate comodamente sapendo che questo filato \u00e8 sicuro per voi! Ha superato gli standard pi\u00f9 elevati, adatto al contatto diretto con le pelli pi\u00f9 sensibili, anche dei neonati e dei bambini piccoli.<br \/>\nFilato approvato da<\/p>","protected":false},"excerpt":{"rendered":"<p>With soft bamboo fiber mixed with cotton, Bamboo Fair has a subtle sheen and silky softness that will make you<\/p>","protected":false},"featured_media":29067,"comment_status":"open","ping_status":"closed","template":"","meta":[],"product_brand":[],"product_cat":[27],"product_tag":[],"class_list":{"0":"post-29069","1":"product","2":"type-product","3":"status-publish","4":"has-post-thumbnail","6":"product_cat-pure-cotton-yarn","8":"first","9":"instock","10":"shipping-taxable","11":"purchasable","12":"product-type-simple"},"_links":{"self":[{"href":"https:\/\/sanqingniaoo.com\/it\/wp-json\/wp\/v2\/product\/29069","targetHints":{"allow":["GET"]}}],"collection":[{"href":"https:\/\/sanqingniaoo.com\/it\/wp-json\/wp\/v2\/product"}],"about":[{"href":"https:\/\/sanqingniaoo.com\/it\/wp-json\/wp\/v2\/types\/product"}],"replies":[{"embeddable":true,"href":"https:\/\/sanqingniaoo.com\/it\/wp-json\/wp\/v2\/comments?post=29069"}],"version-history":[{"count":0,"href":"https:\/\/sanqingniaoo.com\/it\/wp-json\/wp\/v2\/product\/29069\/revisions"}],"wp:featuredmedia":[{"embeddable":true,"href":"https:\/\/sanqingniaoo.com\/it\/wp-json\/wp\/v2\/media\/29067"}],"wp:attachment":[{"href":"https:\/\/sanqingniaoo.com\/it\/wp-json\/wp\/v2\/media?parent=29069"}],"wp:term":[{"taxonomy":"product_brand","embeddable":true,"href":"https:\/\/sanqingniaoo.com\/it\/wp-json\/wp\/v2\/product_brand?post=29069"},{"taxonomy":"product_cat","embeddable":true,"href":"https:\/\/sanqingniaoo.com\/it\/wp-json\/wp\/v2\/product_cat?post=29069"},{"taxonomy":"product_tag","embeddable":true,"href":"https:\/\/sanqingniaoo.com\/it\/wp-json\/wp\/v2\/product_tag?post=29069"}],"curies":[{"name":"wp","href":"https:\/\/api.w.org\/{rel}","templated":true}]}}