{"id":29074,"date":"2026-04-08T08:09:24","date_gmt":"2026-04-08T08:09:24","guid":{"rendered":"https:\/\/sanqingniaoo.com\/product\/cotton-supreme-worsted\/"},"modified":"2026-04-22T08:27:20","modified_gmt":"2026-04-22T08:27:20","slug":"cotton-supreme-worsted","status":"publish","type":"product","link":"https:\/\/sanqingniaoo.com\/it\/prodotto\/cotton-supreme-worsted\/","title":{"rendered":"Cotone Supreme Worsted"},"content":{"rendered":"<p>All sales final. No returns or exchanges.<br \/>\nQuesto articolo \u00e8 fuori produzione e non sar\u00e0 rifornito. Assicuratevi di ordinare una quantit\u00e0 sufficiente per completare il vostro progetto. Non si accettano rimborsi per gli articoli esauriti.<br \/>\nCotton Supreme is a smooth and sumptuous worsted weight cotton yarn. A dream to work with, the soft cotton shimmers with vivid color and works up wonderfully into summer tops and sweaters. Machine washable and dryable, Cotton Supreme softens as it washes \u2013 making it a great choice for adult and children\u2019s garments alike!<\/p>","protected":false},"excerpt":{"rendered":"<p>All sales final. No returns or exchanges. This item is discontinued and will not be restocked. Be sure to order<\/p>","protected":false},"featured_media":29071,"comment_status":"open","ping_status":"closed","template":"","meta":[],"product_brand":[],"product_cat":[27],"product_tag":[],"class_list":{"0":"post-29074","1":"product","2":"type-product","3":"status-publish","4":"has-post-thumbnail","6":"product_cat-pure-cotton-yarn","8":"first","9":"instock","10":"shipping-taxable","11":"purchasable","12":"product-type-simple"},"_links":{"self":[{"href":"https:\/\/sanqingniaoo.com\/it\/wp-json\/wp\/v2\/product\/29074","targetHints":{"allow":["GET"]}}],"collection":[{"href":"https:\/\/sanqingniaoo.com\/it\/wp-json\/wp\/v2\/product"}],"about":[{"href":"https:\/\/sanqingniaoo.com\/it\/wp-json\/wp\/v2\/types\/product"}],"replies":[{"embeddable":true,"href":"https:\/\/sanqingniaoo.com\/it\/wp-json\/wp\/v2\/comments?post=29074"}],"version-history":[{"count":0,"href":"https:\/\/sanqingniaoo.com\/it\/wp-json\/wp\/v2\/product\/29074\/revisions"}],"wp:featuredmedia":[{"embeddable":true,"href":"https:\/\/sanqingniaoo.com\/it\/wp-json\/wp\/v2\/media\/29071"}],"wp:attachment":[{"href":"https:\/\/sanqingniaoo.com\/it\/wp-json\/wp\/v2\/media?parent=29074"}],"wp:term":[{"taxonomy":"product_brand","embeddable":true,"href":"https:\/\/sanqingniaoo.com\/it\/wp-json\/wp\/v2\/product_brand?post=29074"},{"taxonomy":"product_cat","embeddable":true,"href":"https:\/\/sanqingniaoo.com\/it\/wp-json\/wp\/v2\/product_cat?post=29074"},{"taxonomy":"product_tag","embeddable":true,"href":"https:\/\/sanqingniaoo.com\/it\/wp-json\/wp\/v2\/product_tag?post=29074"}],"curies":[{"name":"wp","href":"https:\/\/api.w.org\/{rel}","templated":true}]}}