{"id":29075,"date":"2026-04-08T08:09:24","date_gmt":"2026-04-08T08:09:24","guid":{"rendered":"https:\/\/sanqingniaoo.com\/product\/cotton-gold-bag-of-5\/"},"modified":"2026-04-22T08:27:08","modified_gmt":"2026-04-22T08:27:08","slug":"cotton-gold-bag-of-5","status":"publish","type":"product","link":"https:\/\/sanqingniaoo.com\/it\/prodotto\/cotton-gold-bag-of-5\/","title":{"rendered":"Cotone Oro Sacchetto da 5"},"content":{"rendered":"<p>Tutte le vendite sono definitive. Sacchetto da 5, stesso colore.<br \/>\nQuesto articolo \u00e8 fuori produzione e non sar\u00e0 rifornito. Assicuratevi di ordinare una quantit\u00e0 sufficiente per completare il vostro progetto. Non si accettano rimborsi per gli articoli esauriti.<br \/>\nCotton Gold \u00e8 caratterizzato da un semplice filo di cotone infilato con paillettes e avvolto da un filo di glitter oro o argento. Tenete Cotton Gold insieme a un altro filato e aggiungete un po' di scintillio a qualsiasi progetto!<\/p>","protected":false},"excerpt":{"rendered":"<p>All sales final. Bag of 5, same color. This item is discontinued and will not be restocked. Be sure to<\/p>","protected":false},"featured_media":29073,"comment_status":"open","ping_status":"closed","template":"","meta":[],"product_brand":[],"product_cat":[27],"product_tag":[],"class_list":{"0":"post-29075","1":"product","2":"type-product","3":"status-publish","4":"has-post-thumbnail","6":"product_cat-pure-cotton-yarn","8":"first","9":"instock","10":"shipping-taxable","11":"purchasable","12":"product-type-simple"},"_links":{"self":[{"href":"https:\/\/sanqingniaoo.com\/it\/wp-json\/wp\/v2\/product\/29075","targetHints":{"allow":["GET"]}}],"collection":[{"href":"https:\/\/sanqingniaoo.com\/it\/wp-json\/wp\/v2\/product"}],"about":[{"href":"https:\/\/sanqingniaoo.com\/it\/wp-json\/wp\/v2\/types\/product"}],"replies":[{"embeddable":true,"href":"https:\/\/sanqingniaoo.com\/it\/wp-json\/wp\/v2\/comments?post=29075"}],"version-history":[{"count":0,"href":"https:\/\/sanqingniaoo.com\/it\/wp-json\/wp\/v2\/product\/29075\/revisions"}],"wp:featuredmedia":[{"embeddable":true,"href":"https:\/\/sanqingniaoo.com\/it\/wp-json\/wp\/v2\/media\/29073"}],"wp:attachment":[{"href":"https:\/\/sanqingniaoo.com\/it\/wp-json\/wp\/v2\/media?parent=29075"}],"wp:term":[{"taxonomy":"product_brand","embeddable":true,"href":"https:\/\/sanqingniaoo.com\/it\/wp-json\/wp\/v2\/product_brand?post=29075"},{"taxonomy":"product_cat","embeddable":true,"href":"https:\/\/sanqingniaoo.com\/it\/wp-json\/wp\/v2\/product_cat?post=29075"},{"taxonomy":"product_tag","embeddable":true,"href":"https:\/\/sanqingniaoo.com\/it\/wp-json\/wp\/v2\/product_tag?post=29075"}],"curies":[{"name":"wp","href":"https:\/\/api.w.org\/{rel}","templated":true}]}}