{"id":29077,"date":"2026-04-08T08:09:25","date_gmt":"2026-04-08T08:09:25","guid":{"rendered":"https:\/\/sanqingniaoo.com\/product\/afternoon-cotton-light\/"},"modified":"2026-04-22T08:26:24","modified_gmt":"2026-04-22T08:26:24","slug":"afternoon-cotton-light","status":"publish","type":"product","link":"https:\/\/sanqingniaoo.com\/it\/prodotto\/afternoon-cotton-light\/","title":{"rendered":"Cotone pomeridiano\u00ae leggero"},"content":{"rendered":"<p>\u00c8 tornato con una nuova gamma di colori aggiornati! Premier\u00ae Afternoon Cotton dona lucentezza e brillantezza ai vostri progetti per la stagione calda. Realizzato con cotone mercerizzato Giza egiziano 100%, questo filato \u00e8 pi\u00f9 resistente e presenta una migliore definizione dei punti. Mantiene i suoi colori ricchi e vibranti anche dopo i lavaggi ed \u00e8 meno soggetto a restringersi o a perdere la forma.<br \/>\nLavorate comodamente sapendo che questo filato \u00e8 sicuro per voi! Ha superato gli standard pi\u00f9 elevati, adatto al contatto diretto con le pelli pi\u00f9 sensibili, anche dei neonati e dei bambini piccoli.<\/p>","protected":false},"excerpt":{"rendered":"<p>It&#8217;s back with a new updated color palette! Premier\u00ae Afternoon Cotton brings sheen and luster to your warm weather projects.<\/p>","protected":false},"featured_media":29076,"comment_status":"open","ping_status":"closed","template":"","meta":[],"product_brand":[],"product_cat":[27],"product_tag":[],"class_list":{"0":"post-29077","1":"product","2":"type-product","3":"status-publish","4":"has-post-thumbnail","6":"product_cat-pure-cotton-yarn","8":"first","9":"instock","10":"shipping-taxable","11":"purchasable","12":"product-type-simple"},"_links":{"self":[{"href":"https:\/\/sanqingniaoo.com\/it\/wp-json\/wp\/v2\/product\/29077","targetHints":{"allow":["GET"]}}],"collection":[{"href":"https:\/\/sanqingniaoo.com\/it\/wp-json\/wp\/v2\/product"}],"about":[{"href":"https:\/\/sanqingniaoo.com\/it\/wp-json\/wp\/v2\/types\/product"}],"replies":[{"embeddable":true,"href":"https:\/\/sanqingniaoo.com\/it\/wp-json\/wp\/v2\/comments?post=29077"}],"version-history":[{"count":0,"href":"https:\/\/sanqingniaoo.com\/it\/wp-json\/wp\/v2\/product\/29077\/revisions"}],"wp:featuredmedia":[{"embeddable":true,"href":"https:\/\/sanqingniaoo.com\/it\/wp-json\/wp\/v2\/media\/29076"}],"wp:attachment":[{"href":"https:\/\/sanqingniaoo.com\/it\/wp-json\/wp\/v2\/media?parent=29077"}],"wp:term":[{"taxonomy":"product_brand","embeddable":true,"href":"https:\/\/sanqingniaoo.com\/it\/wp-json\/wp\/v2\/product_brand?post=29077"},{"taxonomy":"product_cat","embeddable":true,"href":"https:\/\/sanqingniaoo.com\/it\/wp-json\/wp\/v2\/product_cat?post=29077"},{"taxonomy":"product_tag","embeddable":true,"href":"https:\/\/sanqingniaoo.com\/it\/wp-json\/wp\/v2\/product_tag?post=29077"}],"curies":[{"name":"wp","href":"https:\/\/api.w.org\/{rel}","templated":true}]}}