{"id":29090,"date":"2026-04-08T08:09:28","date_gmt":"2026-04-08T08:09:28","guid":{"rendered":"https:\/\/sanqingniaoo.com\/product\/bamboo-fair-clearance-colors-bag-of-3\/"},"modified":"2026-04-22T08:26:32","modified_gmt":"2026-04-22T08:26:32","slug":"bamboo-fair-clearance-colors-bag-of-3","status":"publish","type":"product","link":"https:\/\/sanqingniaoo.com\/it\/prodotto\/bamboo-fair-clearance-colors-bag-of-3\/","title":{"rendered":"Bamb\u00f9 Fair Clearance Colors Sacchetto da 3"},"content":{"rendered":"<p>Tutte le vendite sono definitive. Sacchetto da 3, stesso colore.<br \/>\nQuesto articolo \u00e8 fuori produzione e non sar\u00e0 rifornito. Assicuratevi di ordinare una quantit\u00e0 sufficiente per completare il vostro progetto. Non si accettano rimborsi per gli articoli esauriti.<br \/>\nGrazie alla morbida fibra di bamb\u00f9 mista a cotone, Bamboo Fair ha una sottile lucentezza e una morbidezza setosa che vi far\u00e0 venire voglia di indossarlo tutto l'anno. Ideale per i progetti da realizzare nelle stagioni calde, Bamboo Fair \u00e8 l'accompagnamento perfetto per la prossima gita in spiaggia, per il picnic estivo o per avvolgere l'ultimo arrivato in famiglia.<br \/>\nLavorate comodamente sapendo che questo filato \u00e8 sicuro per voi! Ha superato gli standard pi\u00f9 elevati, adatto al contatto diretto con le pelli pi\u00f9 sensibili, anche dei neonati e dei bambini piccoli.<\/p>","protected":false},"excerpt":{"rendered":"<p>All sales final. Bag of 3, same color. This item is discontinued and will not be restocked. Be sure to<\/p>","protected":false},"featured_media":29087,"comment_status":"open","ping_status":"closed","template":"","meta":[],"product_brand":[],"product_cat":[27],"product_tag":[],"class_list":{"0":"post-29090","1":"product","2":"type-product","3":"status-publish","4":"has-post-thumbnail","6":"product_cat-pure-cotton-yarn","8":"first","9":"outofstock","10":"shipping-taxable","11":"purchasable","12":"product-type-simple"},"_links":{"self":[{"href":"https:\/\/sanqingniaoo.com\/it\/wp-json\/wp\/v2\/product\/29090","targetHints":{"allow":["GET"]}}],"collection":[{"href":"https:\/\/sanqingniaoo.com\/it\/wp-json\/wp\/v2\/product"}],"about":[{"href":"https:\/\/sanqingniaoo.com\/it\/wp-json\/wp\/v2\/types\/product"}],"replies":[{"embeddable":true,"href":"https:\/\/sanqingniaoo.com\/it\/wp-json\/wp\/v2\/comments?post=29090"}],"version-history":[{"count":0,"href":"https:\/\/sanqingniaoo.com\/it\/wp-json\/wp\/v2\/product\/29090\/revisions"}],"wp:featuredmedia":[{"embeddable":true,"href":"https:\/\/sanqingniaoo.com\/it\/wp-json\/wp\/v2\/media\/29087"}],"wp:attachment":[{"href":"https:\/\/sanqingniaoo.com\/it\/wp-json\/wp\/v2\/media?parent=29090"}],"wp:term":[{"taxonomy":"product_brand","embeddable":true,"href":"https:\/\/sanqingniaoo.com\/it\/wp-json\/wp\/v2\/product_brand?post=29090"},{"taxonomy":"product_cat","embeddable":true,"href":"https:\/\/sanqingniaoo.com\/it\/wp-json\/wp\/v2\/product_cat?post=29090"},{"taxonomy":"product_tag","embeddable":true,"href":"https:\/\/sanqingniaoo.com\/it\/wp-json\/wp\/v2\/product_tag?post=29090"}],"curies":[{"name":"wp","href":"https:\/\/api.w.org\/{rel}","templated":true}]}}