{"id":29091,"date":"2026-04-08T08:09:29","date_gmt":"2026-04-08T08:09:29","guid":{"rendered":"https:\/\/sanqingniaoo.com\/product\/candy-shop-cotton-bag-of-3\/"},"modified":"2026-04-22T08:48:24","modified_gmt":"2026-04-22T08:48:24","slug":"candy-shop-cotton-bag-of-3","status":"publish","type":"product","link":"https:\/\/sanqingniaoo.com\/it\/prodotto\/candy-shop-cotton-bag-of-3\/","title":{"rendered":"Candy Shop\u00ae Cotton Bag da 3"},"content":{"rendered":"<p>Sacchetto da 3, stesso colore. Tutte le vendite sono definitive.<br \/>\nQuesto articolo \u00e8 fuori produzione e non sar\u00e0 rifornito. Assicuratevi di ordinare una quantit\u00e0 sufficiente per completare il vostro progetto. Non si accettano rimborsi per gli articoli esauriti.<br \/>\nQuando la vita prende una brutta piega, la nostra cura di s\u00e9 preferita \u00e8 un dolce dolcetto! Candy Shop\u00ae Cotton \u00e8 nuovissimo e rappresenta il perfetto toccasana! \u00c8 una miscela di fibre riciclate ecologiche in una struttura a catenella intrecciata, perfetta per cesti e altri progetti all'aperto. Vi sentirete come un bambino in un negozio di caramelle, perch\u00e9 ognuna delle sei tonalit\u00e0 dolci e stimolanti passa da dieci colori all'interno di un solo gomitolo, dando ai vostri progetti un aspetto allegro e scrappy.<\/p>","protected":false},"excerpt":{"rendered":"<p>Bag of 3, same color. All sales final. This item is discontinued and will not be restocked. Be sure to<\/p>","protected":false},"featured_media":29089,"comment_status":"open","ping_status":"closed","template":"","meta":[],"product_brand":[],"product_cat":[27],"product_tag":[],"class_list":{"0":"post-29091","1":"product","2":"type-product","3":"status-publish","4":"has-post-thumbnail","6":"product_cat-pure-cotton-yarn","8":"first","9":"instock","10":"shipping-taxable","11":"purchasable","12":"product-type-simple"},"_links":{"self":[{"href":"https:\/\/sanqingniaoo.com\/it\/wp-json\/wp\/v2\/product\/29091","targetHints":{"allow":["GET"]}}],"collection":[{"href":"https:\/\/sanqingniaoo.com\/it\/wp-json\/wp\/v2\/product"}],"about":[{"href":"https:\/\/sanqingniaoo.com\/it\/wp-json\/wp\/v2\/types\/product"}],"replies":[{"embeddable":true,"href":"https:\/\/sanqingniaoo.com\/it\/wp-json\/wp\/v2\/comments?post=29091"}],"version-history":[{"count":0,"href":"https:\/\/sanqingniaoo.com\/it\/wp-json\/wp\/v2\/product\/29091\/revisions"}],"wp:featuredmedia":[{"embeddable":true,"href":"https:\/\/sanqingniaoo.com\/it\/wp-json\/wp\/v2\/media\/29089"}],"wp:attachment":[{"href":"https:\/\/sanqingniaoo.com\/it\/wp-json\/wp\/v2\/media?parent=29091"}],"wp:term":[{"taxonomy":"product_brand","embeddable":true,"href":"https:\/\/sanqingniaoo.com\/it\/wp-json\/wp\/v2\/product_brand?post=29091"},{"taxonomy":"product_cat","embeddable":true,"href":"https:\/\/sanqingniaoo.com\/it\/wp-json\/wp\/v2\/product_cat?post=29091"},{"taxonomy":"product_tag","embeddable":true,"href":"https:\/\/sanqingniaoo.com\/it\/wp-json\/wp\/v2\/product_tag?post=29091"}],"curies":[{"name":"wp","href":"https:\/\/api.w.org\/{rel}","templated":true}]}}