{"id":29137,"date":"2026-04-08T08:17:51","date_gmt":"2026-04-08T08:17:51","guid":{"rendered":"https:\/\/sanqingniaoo.com\/product\/basix-super-bulky\/"},"modified":"2026-04-22T08:47:45","modified_gmt":"2026-04-22T08:47:45","slug":"basix-super-bulky","status":"publish","type":"product","link":"https:\/\/sanqingniaoo.com\/it\/prodotto\/basix-super-bulky\/","title":{"rendered":"Basix\u00ae Super Bulky"},"content":{"rendered":"<p>Il grande valore e la qualit\u00e0 del nostro filato Basix in peso super voluminoso. Questo filato si lavora rapidamente per i regali dell'ultimo minuto e per le decorazioni della casa. Questa bellissima gamma di 20 colori rende facile trovare la tonalit\u00e0 perfetta per le vostre creazioni. Lavabile e asciugabile in lavatrice per un regalo facile.<br \/>\nLavorate comodamente sapendo che questo filato \u00e8 sicuro per voi! Ha superato gli standard pi\u00f9 elevati, adatto al contatto diretto con le pelli pi\u00f9 sensibili, anche dei neonati e dei bambini piccoli.<\/p>","protected":false},"excerpt":{"rendered":"<p>The great value and quality of our Basix yarn in super bulky weight. This yarn works up quickly for last<\/p>","protected":false},"featured_media":29136,"comment_status":"open","ping_status":"closed","template":"","meta":[],"product_brand":[],"product_cat":[37],"product_tag":[],"class_list":{"0":"post-29137","1":"product","2":"type-product","3":"status-publish","4":"has-post-thumbnail","6":"product_cat-washi-yarn","8":"first","9":"instock","10":"shipping-taxable","11":"purchasable","12":"product-type-simple"},"_links":{"self":[{"href":"https:\/\/sanqingniaoo.com\/it\/wp-json\/wp\/v2\/product\/29137","targetHints":{"allow":["GET"]}}],"collection":[{"href":"https:\/\/sanqingniaoo.com\/it\/wp-json\/wp\/v2\/product"}],"about":[{"href":"https:\/\/sanqingniaoo.com\/it\/wp-json\/wp\/v2\/types\/product"}],"replies":[{"embeddable":true,"href":"https:\/\/sanqingniaoo.com\/it\/wp-json\/wp\/v2\/comments?post=29137"}],"version-history":[{"count":0,"href":"https:\/\/sanqingniaoo.com\/it\/wp-json\/wp\/v2\/product\/29137\/revisions"}],"wp:featuredmedia":[{"embeddable":true,"href":"https:\/\/sanqingniaoo.com\/it\/wp-json\/wp\/v2\/media\/29136"}],"wp:attachment":[{"href":"https:\/\/sanqingniaoo.com\/it\/wp-json\/wp\/v2\/media?parent=29137"}],"wp:term":[{"taxonomy":"product_brand","embeddable":true,"href":"https:\/\/sanqingniaoo.com\/it\/wp-json\/wp\/v2\/product_brand?post=29137"},{"taxonomy":"product_cat","embeddable":true,"href":"https:\/\/sanqingniaoo.com\/it\/wp-json\/wp\/v2\/product_cat?post=29137"},{"taxonomy":"product_tag","embeddable":true,"href":"https:\/\/sanqingniaoo.com\/it\/wp-json\/wp\/v2\/product_tag?post=29137"}],"curies":[{"name":"wp","href":"https:\/\/api.w.org\/{rel}","templated":true}]}}