{"id":29154,"date":"2026-04-08T08:19:17","date_gmt":"2026-04-08T08:19:17","guid":{"rendered":"https:\/\/sanqingniaoo.com\/product\/bloom-chenille\/"},"modified":"2026-04-22T08:58:47","modified_gmt":"2026-04-22T08:58:47","slug":"bloom-chenille","status":"publish","type":"product","link":"https:\/\/sanqingniaoo.com\/it\/prodotto\/bloom-chenille\/","title":{"rendered":"Ciniglia Bloom"},"content":{"rendered":"<p>Bloom Chenille is the softest and cuddliest member of the Bloom family. This 100% polyester chenille yarn features an adorable, allover floral print. Perfect for creating snuggly blankets, accessories, and toys. This yarn is machine-washable for easy care, making it great for gifting.<br \/>\nLavorate comodamente sapendo che questo filato \u00e8 sicuro per voi! Ha superato gli standard pi\u00f9 elevati, adatto al contatto diretto con le pelli pi\u00f9 sensibili, anche dei neonati e dei bambini piccoli.<br \/>\nSe si vuole ottenere un aspetto pi\u00f9 simile al motivo floreale, \u00e8 necessario seguire il calibro consigliato.<\/p>","protected":false},"excerpt":{"rendered":"<p>Bloom Chenille is the softest and cuddliest member of the Bloom family. This 100% polyester chenille yarn features an adorable,<\/p>","protected":false},"featured_media":29152,"comment_status":"open","ping_status":"closed","template":"","meta":[],"product_brand":[],"product_cat":[46],"product_tag":[],"class_list":{"0":"post-29154","1":"product","2":"type-product","3":"status-publish","4":"has-post-thumbnail","6":"product_cat-synthetic-fiber","8":"first","9":"outofstock","10":"shipping-taxable","11":"purchasable","12":"product-type-simple"},"_links":{"self":[{"href":"https:\/\/sanqingniaoo.com\/it\/wp-json\/wp\/v2\/product\/29154","targetHints":{"allow":["GET"]}}],"collection":[{"href":"https:\/\/sanqingniaoo.com\/it\/wp-json\/wp\/v2\/product"}],"about":[{"href":"https:\/\/sanqingniaoo.com\/it\/wp-json\/wp\/v2\/types\/product"}],"replies":[{"embeddable":true,"href":"https:\/\/sanqingniaoo.com\/it\/wp-json\/wp\/v2\/comments?post=29154"}],"version-history":[{"count":0,"href":"https:\/\/sanqingniaoo.com\/it\/wp-json\/wp\/v2\/product\/29154\/revisions"}],"wp:featuredmedia":[{"embeddable":true,"href":"https:\/\/sanqingniaoo.com\/it\/wp-json\/wp\/v2\/media\/29152"}],"wp:attachment":[{"href":"https:\/\/sanqingniaoo.com\/it\/wp-json\/wp\/v2\/media?parent=29154"}],"wp:term":[{"taxonomy":"product_brand","embeddable":true,"href":"https:\/\/sanqingniaoo.com\/it\/wp-json\/wp\/v2\/product_brand?post=29154"},{"taxonomy":"product_cat","embeddable":true,"href":"https:\/\/sanqingniaoo.com\/it\/wp-json\/wp\/v2\/product_cat?post=29154"},{"taxonomy":"product_tag","embeddable":true,"href":"https:\/\/sanqingniaoo.com\/it\/wp-json\/wp\/v2\/product_tag?post=29154"}],"curies":[{"name":"wp","href":"https:\/\/api.w.org\/{rel}","templated":true}]}}