{"id":29155,"date":"2026-04-08T08:19:17","date_gmt":"2026-04-08T08:19:17","guid":{"rendered":"https:\/\/sanqingniaoo.com\/product\/just-chenille-cone\/"},"modified":"2026-04-22T08:59:08","modified_gmt":"2026-04-22T08:59:08","slug":"just-chenille-cone","status":"publish","type":"product","link":"https:\/\/sanqingniaoo.com\/it\/prodotto\/just-chenille-cone\/","title":{"rendered":"Cono di ciniglia Just\u00ae"},"content":{"rendered":"<p>Come si fa a mettere 20 gomitoli di filato Just Chenille in uno?  In un cono, naturalmente! Ecco i coni di ciniglia Just!<br \/>\nI coni di ciniglia Just Chenille hanno un chilogrammo di ciniglia morbida e avvolgente, che rende i progetti di grandi dimensioni un gioco da ragazzi, con meno estremit\u00e0 da intrecciare! Basta posarlo e iniziare il vostro progetto preferito. Disponibile in 20 tonalit\u00e0 di tendenza, questo filato voluminoso fiorisce meravigliosamente dopo il lavaggio, diventando pi\u00f9 morbido e soffice. \u00c8 eccellente per creare qualsiasi cosa, da coperte accoglienti a giocattoli divertenti o decorazioni per la casa. I progetti si realizzano in un batter d'occhio, rendendo Just Chenille perfetto per regali veloci e di facile manutenzione, dato che \u00e8 lavabile in lavatrice!<br \/>\nQuando si lavora con i filati di ciniglia, \u00e8 importante fissare le estremit\u00e0 per evitare che si sfilaccino e si disfino. Per fissare le estremit\u00e0: rimuovere alcune fibre dai fili centrali, quindi legare i due fili centrali in un doppio nodo. Inoltre, per una maggiore sicurezza, si pu\u00f2 applicare una piccola goccia di liquido anti-sfilacciamento.<\/p>","protected":false},"excerpt":{"rendered":"<p>How do you fit 20 balls of Just Chenille Yarn into one?\u00a0 On a cone of course! Introducing Just Chenille<\/p>","protected":false},"featured_media":29151,"comment_status":"open","ping_status":"closed","template":"","meta":[],"product_brand":[],"product_cat":[46],"product_tag":[],"class_list":{"0":"post-29155","1":"product","2":"type-product","3":"status-publish","4":"has-post-thumbnail","6":"product_cat-synthetic-fiber","8":"first","9":"instock","10":"shipping-taxable","11":"purchasable","12":"product-type-simple"},"_links":{"self":[{"href":"https:\/\/sanqingniaoo.com\/it\/wp-json\/wp\/v2\/product\/29155","targetHints":{"allow":["GET"]}}],"collection":[{"href":"https:\/\/sanqingniaoo.com\/it\/wp-json\/wp\/v2\/product"}],"about":[{"href":"https:\/\/sanqingniaoo.com\/it\/wp-json\/wp\/v2\/types\/product"}],"replies":[{"embeddable":true,"href":"https:\/\/sanqingniaoo.com\/it\/wp-json\/wp\/v2\/comments?post=29155"}],"version-history":[{"count":0,"href":"https:\/\/sanqingniaoo.com\/it\/wp-json\/wp\/v2\/product\/29155\/revisions"}],"wp:featuredmedia":[{"embeddable":true,"href":"https:\/\/sanqingniaoo.com\/it\/wp-json\/wp\/v2\/media\/29151"}],"wp:attachment":[{"href":"https:\/\/sanqingniaoo.com\/it\/wp-json\/wp\/v2\/media?parent=29155"}],"wp:term":[{"taxonomy":"product_brand","embeddable":true,"href":"https:\/\/sanqingniaoo.com\/it\/wp-json\/wp\/v2\/product_brand?post=29155"},{"taxonomy":"product_cat","embeddable":true,"href":"https:\/\/sanqingniaoo.com\/it\/wp-json\/wp\/v2\/product_cat?post=29155"},{"taxonomy":"product_tag","embeddable":true,"href":"https:\/\/sanqingniaoo.com\/it\/wp-json\/wp\/v2\/product_tag?post=29155"}],"curies":[{"name":"wp","href":"https:\/\/api.w.org\/{rel}","templated":true}]}}