{"id":29166,"date":"2026-04-08T08:19:20","date_gmt":"2026-04-08T08:19:20","guid":{"rendered":"https:\/\/sanqingniaoo.com\/product\/parfait-xl\/"},"modified":"2026-04-22T08:59:04","modified_gmt":"2026-04-22T08:59:04","slug":"parfait-xl","status":"publish","type":"product","link":"https:\/\/sanqingniaoo.com\/it\/prodotto\/parfait-xl\/","title":{"rendered":"Parfait\u00ae XL"},"content":{"rendered":"<p>Everything you love about Parfait Chunky, our tried and true 100% polyester chenille yarn, in a jumbo weight! Machine washable, and incredibly soft, you\u2019ll find this yarn irresistible. Knit or crochet with this superior quality chenille for a project that will be any child\u2019s favorite.<br \/>\nLavorate comodamente sapendo che questo filato \u00e8 sicuro per tutti! Ha superato gli standard pi\u00f9 elevati, adatto al contatto diretto con le pelli pi\u00f9 sensibili, anche dei neonati e dei bambini piccoli.<br \/>\nPlease note: The #7 Jumbo yarn weight category encapsulates all yarn larger than #6 Super Bulky. Due to this larger range of yarns, this weight category has more variance than others. We recommend double checking the ball weight, yardage, gauge and recommended hook or needle size to ensure that it is right for your project.<\/p>","protected":false},"excerpt":{"rendered":"<p>Everything you love about Parfait Chunky, our tried and true 100% polyester chenille yarn, in a jumbo weight! Machine washable,<\/p>","protected":false},"featured_media":29164,"comment_status":"open","ping_status":"closed","template":"","meta":[],"product_brand":[],"product_cat":[46],"product_tag":[],"class_list":{"0":"post-29166","1":"product","2":"type-product","3":"status-publish","4":"has-post-thumbnail","6":"product_cat-synthetic-fiber","8":"first","9":"instock","10":"shipping-taxable","11":"purchasable","12":"product-type-simple"},"_links":{"self":[{"href":"https:\/\/sanqingniaoo.com\/it\/wp-json\/wp\/v2\/product\/29166","targetHints":{"allow":["GET"]}}],"collection":[{"href":"https:\/\/sanqingniaoo.com\/it\/wp-json\/wp\/v2\/product"}],"about":[{"href":"https:\/\/sanqingniaoo.com\/it\/wp-json\/wp\/v2\/types\/product"}],"replies":[{"embeddable":true,"href":"https:\/\/sanqingniaoo.com\/it\/wp-json\/wp\/v2\/comments?post=29166"}],"version-history":[{"count":0,"href":"https:\/\/sanqingniaoo.com\/it\/wp-json\/wp\/v2\/product\/29166\/revisions"}],"wp:featuredmedia":[{"embeddable":true,"href":"https:\/\/sanqingniaoo.com\/it\/wp-json\/wp\/v2\/media\/29164"}],"wp:attachment":[{"href":"https:\/\/sanqingniaoo.com\/it\/wp-json\/wp\/v2\/media?parent=29166"}],"wp:term":[{"taxonomy":"product_brand","embeddable":true,"href":"https:\/\/sanqingniaoo.com\/it\/wp-json\/wp\/v2\/product_brand?post=29166"},{"taxonomy":"product_cat","embeddable":true,"href":"https:\/\/sanqingniaoo.com\/it\/wp-json\/wp\/v2\/product_cat?post=29166"},{"taxonomy":"product_tag","embeddable":true,"href":"https:\/\/sanqingniaoo.com\/it\/wp-json\/wp\/v2\/product_tag?post=29166"}],"curies":[{"name":"wp","href":"https:\/\/api.w.org\/{rel}","templated":true}]}}