{"id":29167,"date":"2026-04-08T08:19:20","date_gmt":"2026-04-08T08:19:20","guid":{"rendered":"https:\/\/sanqingniaoo.com\/product\/bloom-chunky-big-200g\/"},"modified":"2026-04-22T08:58:55","modified_gmt":"2026-04-22T08:58:55","slug":"bloom-chunky-big-200g","status":"publish","type":"product","link":"https:\/\/sanqingniaoo.com\/it\/prodotto\/bloom-chunky-big-200g\/","title":{"rendered":"Bloom\u00ae Chunky Big 200g"},"content":{"rendered":"<p>Now in a bigger size for less ends to weave together! Fun, functional, and fast, Bloom Chunky creates almost effortless colorwork with a self-patterning floral or dot print, at any gauge*, in knit or crochet. Ideal for beginners, machine-washable, and snuggly soft &#8211;\u00a0 making it the perfect choice for quick and easy accessories and home decor for yourself or someone special.<br \/>\nSe si vuole ottenere un aspetto pi\u00f9 simile al motivo floreale, \u00e8 necessario seguire il calibro consigliato.<br \/>\nLavorare a maglia o all'uncinetto con Bloom\u00ae - Per ottenere i migliori risultati con questo filato, si consiglia di utilizzare i punti dell'uncinetto singolo con il calibro sopra indicato. Tenete presente che il vostro tessuto finito all'uncinetto avr\u00e0 un aspetto diverso da quello di un tessuto a maglia, perch\u00e9 i punti all'uncinetto variano notevolmente in larghezza e altezza, mentre i punti a maglia sono pi\u00f9 costanti.<\/p>","protected":false},"excerpt":{"rendered":"<p>Now in a bigger size for less ends to weave together! Fun, functional, and fast, Bloom Chunky creates almost effortless<\/p>","protected":false},"featured_media":29165,"comment_status":"open","ping_status":"closed","template":"","meta":[],"product_brand":[],"product_cat":[46],"product_tag":[],"class_list":{"0":"post-29167","1":"product","2":"type-product","3":"status-publish","4":"has-post-thumbnail","6":"product_cat-synthetic-fiber","8":"first","9":"instock","10":"shipping-taxable","11":"purchasable","12":"product-type-simple"},"_links":{"self":[{"href":"https:\/\/sanqingniaoo.com\/it\/wp-json\/wp\/v2\/product\/29167","targetHints":{"allow":["GET"]}}],"collection":[{"href":"https:\/\/sanqingniaoo.com\/it\/wp-json\/wp\/v2\/product"}],"about":[{"href":"https:\/\/sanqingniaoo.com\/it\/wp-json\/wp\/v2\/types\/product"}],"replies":[{"embeddable":true,"href":"https:\/\/sanqingniaoo.com\/it\/wp-json\/wp\/v2\/comments?post=29167"}],"version-history":[{"count":0,"href":"https:\/\/sanqingniaoo.com\/it\/wp-json\/wp\/v2\/product\/29167\/revisions"}],"wp:featuredmedia":[{"embeddable":true,"href":"https:\/\/sanqingniaoo.com\/it\/wp-json\/wp\/v2\/media\/29165"}],"wp:attachment":[{"href":"https:\/\/sanqingniaoo.com\/it\/wp-json\/wp\/v2\/media?parent=29167"}],"wp:term":[{"taxonomy":"product_brand","embeddable":true,"href":"https:\/\/sanqingniaoo.com\/it\/wp-json\/wp\/v2\/product_brand?post=29167"},{"taxonomy":"product_cat","embeddable":true,"href":"https:\/\/sanqingniaoo.com\/it\/wp-json\/wp\/v2\/product_cat?post=29167"},{"taxonomy":"product_tag","embeddable":true,"href":"https:\/\/sanqingniaoo.com\/it\/wp-json\/wp\/v2\/product_tag?post=29167"}],"curies":[{"name":"wp","href":"https:\/\/api.w.org\/{rel}","templated":true}]}}