{"id":29183,"date":"2026-04-08T08:19:24","date_gmt":"2026-04-08T08:19:24","guid":{"rendered":"https:\/\/sanqingniaoo.com\/product\/parfait-chunky\/"},"modified":"2026-04-22T09:15:00","modified_gmt":"2026-04-22T09:15:00","slug":"parfait-chunky","status":"publish","type":"product","link":"https:\/\/sanqingniaoo.com\/it\/prodotto\/parfait-chunky\/","title":{"rendered":"Parfait\u00ae a pezzi"},"content":{"rendered":"<p>Our tried and true 100% polyester chenille yarn is a customer favorite! Machine washable, and incredibly soft, you\u2019ll find this yarn irresistible. Knit or crochet blankets, scarves, and toys that everyone will want to snuggle. With our wide range of colors, you\u2019re sure to find the perfect shade.<br \/>\nLavorate comodamente sapendo che questo filato \u00e8 sicuro per tutti! Ha superato gli standard pi\u00f9 elevati, adatto al contatto diretto con le pelli pi\u00f9 sensibili, anche dei neonati e dei bambini piccoli.<\/p>","protected":false},"excerpt":{"rendered":"<p>Our tried and true 100% polyester chenille yarn is a customer favorite! Machine washable, and incredibly soft, you\u2019ll find this<\/p>","protected":false},"featured_media":29182,"comment_status":"open","ping_status":"closed","template":"","meta":[],"product_brand":[],"product_cat":[46],"product_tag":[],"class_list":{"0":"post-29183","1":"product","2":"type-product","3":"status-publish","4":"has-post-thumbnail","6":"product_cat-synthetic-fiber","8":"first","9":"instock","10":"shipping-taxable","11":"purchasable","12":"product-type-simple"},"_links":{"self":[{"href":"https:\/\/sanqingniaoo.com\/it\/wp-json\/wp\/v2\/product\/29183","targetHints":{"allow":["GET"]}}],"collection":[{"href":"https:\/\/sanqingniaoo.com\/it\/wp-json\/wp\/v2\/product"}],"about":[{"href":"https:\/\/sanqingniaoo.com\/it\/wp-json\/wp\/v2\/types\/product"}],"replies":[{"embeddable":true,"href":"https:\/\/sanqingniaoo.com\/it\/wp-json\/wp\/v2\/comments?post=29183"}],"version-history":[{"count":0,"href":"https:\/\/sanqingniaoo.com\/it\/wp-json\/wp\/v2\/product\/29183\/revisions"}],"wp:featuredmedia":[{"embeddable":true,"href":"https:\/\/sanqingniaoo.com\/it\/wp-json\/wp\/v2\/media\/29182"}],"wp:attachment":[{"href":"https:\/\/sanqingniaoo.com\/it\/wp-json\/wp\/v2\/media?parent=29183"}],"wp:term":[{"taxonomy":"product_brand","embeddable":true,"href":"https:\/\/sanqingniaoo.com\/it\/wp-json\/wp\/v2\/product_brand?post=29183"},{"taxonomy":"product_cat","embeddable":true,"href":"https:\/\/sanqingniaoo.com\/it\/wp-json\/wp\/v2\/product_cat?post=29183"},{"taxonomy":"product_tag","embeddable":true,"href":"https:\/\/sanqingniaoo.com\/it\/wp-json\/wp\/v2\/product_tag?post=29183"}],"curies":[{"name":"wp","href":"https:\/\/api.w.org\/{rel}","templated":true}]}}