{"id":29193,"date":"2026-04-08T08:20:22","date_gmt":"2026-04-08T08:20:22","guid":{"rendered":"https:\/\/sanqingniaoo.com\/product\/anti-pilling-everyday-dk\/"},"modified":"2026-04-22T09:15:54","modified_gmt":"2026-04-22T09:15:54","slug":"anti-pilling-everyday-dk","status":"publish","type":"product","link":"https:\/\/sanqingniaoo.com\/it\/prodotto\/anti-pilling-everyday-dk\/","title":{"rendered":"Anti-Pilling Everyday\u00ae DK"},"content":{"rendered":"<p>Abbiamo il filato perfetto per il vostro prossimo progetto. Questo filato di peso DK \u00e8 ideale per i progetti dei bambini. \u00c8 realizzato in fibra acrilica anti-pilling, il che significa che il vostro progetto sar\u00e0 come nuovo, lavaggio dopo lavaggio.<br \/>\nLavorate comodamente sapendo che questo filato \u00e8 sicuro per voi! Ha superato gli standard pi\u00f9 elevati, adatto al contatto diretto con le pelli pi\u00f9 sensibili, anche dei neonati e dei bambini piccoli.<\/p>","protected":false},"excerpt":{"rendered":"<p>We have the perfect yarn for your next project. This DK weight yarn is great for baby projects. It is<\/p>","protected":false},"featured_media":29192,"comment_status":"open","ping_status":"closed","template":"","meta":[],"product_brand":[],"product_cat":[30],"product_tag":[],"class_list":{"0":"post-29193","1":"product","2":"type-product","3":"status-publish","4":"has-post-thumbnail","6":"product_cat-linen-yarn","8":"first","9":"instock","10":"shipping-taxable","11":"purchasable","12":"product-type-simple"},"_links":{"self":[{"href":"https:\/\/sanqingniaoo.com\/it\/wp-json\/wp\/v2\/product\/29193","targetHints":{"allow":["GET"]}}],"collection":[{"href":"https:\/\/sanqingniaoo.com\/it\/wp-json\/wp\/v2\/product"}],"about":[{"href":"https:\/\/sanqingniaoo.com\/it\/wp-json\/wp\/v2\/types\/product"}],"replies":[{"embeddable":true,"href":"https:\/\/sanqingniaoo.com\/it\/wp-json\/wp\/v2\/comments?post=29193"}],"version-history":[{"count":0,"href":"https:\/\/sanqingniaoo.com\/it\/wp-json\/wp\/v2\/product\/29193\/revisions"}],"wp:featuredmedia":[{"embeddable":true,"href":"https:\/\/sanqingniaoo.com\/it\/wp-json\/wp\/v2\/media\/29192"}],"wp:attachment":[{"href":"https:\/\/sanqingniaoo.com\/it\/wp-json\/wp\/v2\/media?parent=29193"}],"wp:term":[{"taxonomy":"product_brand","embeddable":true,"href":"https:\/\/sanqingniaoo.com\/it\/wp-json\/wp\/v2\/product_brand?post=29193"},{"taxonomy":"product_cat","embeddable":true,"href":"https:\/\/sanqingniaoo.com\/it\/wp-json\/wp\/v2\/product_cat?post=29193"},{"taxonomy":"product_tag","embeddable":true,"href":"https:\/\/sanqingniaoo.com\/it\/wp-json\/wp\/v2\/product_tag?post=29193"}],"curies":[{"name":"wp","href":"https:\/\/api.w.org\/{rel}","templated":true}]}}