{"id":29197,"date":"2026-04-08T08:20:22","date_gmt":"2026-04-08T08:20:22","guid":{"rendered":"https:\/\/sanqingniaoo.com\/product\/bloom-chunky\/"},"modified":"2026-04-22T09:16:13","modified_gmt":"2026-04-22T09:16:13","slug":"bloom-chunky","status":"publish","type":"product","link":"https:\/\/sanqingniaoo.com\/it\/prodotto\/bloom-chunky\/","title":{"rendered":"Bloom\u00ae Chunky"},"content":{"rendered":"<p>Divertente, funzionale e veloce, Bloom Chunky crea un lavoro a colori quasi senza sforzo con una stampa floreale o a pois che si auto-disegna, a qualsiasi altezza*, a maglia o all'uncinetto. Ideale per i principianti, \u00e8 lavabile in lavatrice e morbida come una coccola: \u00e8 la scelta perfetta per realizzare in modo semplice e veloce accessori e decorazioni per la casa, per s\u00e9 o per una persona speciale.<br \/>\nSe si vuole ottenere un aspetto pi\u00f9 simile al motivo floreale, \u00e8 necessario seguire il calibro consigliato.<br \/>\nLavorare a maglia o all'uncinetto con Bloom\u00ae - Per ottenere i migliori risultati con questo filato, si consiglia di utilizzare i punti dell'uncinetto singolo con il calibro sopra indicato. Tenete presente che il vostro tessuto finito all'uncinetto avr\u00e0 un aspetto diverso da quello di un tessuto a maglia, perch\u00e9 i punti all'uncinetto variano notevolmente in larghezza e altezza, mentre i punti a maglia sono pi\u00f9 costanti.<\/p>","protected":false},"excerpt":{"rendered":"<p>Fun, functional, and fast, Bloom Chunky creates almost effortless colorwork with a self-patterning floral or dot print, at any gauge*,<\/p>","protected":false},"featured_media":29194,"comment_status":"open","ping_status":"closed","template":"","meta":[],"product_brand":[],"product_cat":[30],"product_tag":[],"class_list":{"0":"post-29197","1":"product","2":"type-product","3":"status-publish","4":"has-post-thumbnail","6":"product_cat-linen-yarn","8":"first","9":"instock","10":"shipping-taxable","11":"purchasable","12":"product-type-simple"},"_links":{"self":[{"href":"https:\/\/sanqingniaoo.com\/it\/wp-json\/wp\/v2\/product\/29197","targetHints":{"allow":["GET"]}}],"collection":[{"href":"https:\/\/sanqingniaoo.com\/it\/wp-json\/wp\/v2\/product"}],"about":[{"href":"https:\/\/sanqingniaoo.com\/it\/wp-json\/wp\/v2\/types\/product"}],"replies":[{"embeddable":true,"href":"https:\/\/sanqingniaoo.com\/it\/wp-json\/wp\/v2\/comments?post=29197"}],"version-history":[{"count":0,"href":"https:\/\/sanqingniaoo.com\/it\/wp-json\/wp\/v2\/product\/29197\/revisions"}],"wp:featuredmedia":[{"embeddable":true,"href":"https:\/\/sanqingniaoo.com\/it\/wp-json\/wp\/v2\/media\/29194"}],"wp:attachment":[{"href":"https:\/\/sanqingniaoo.com\/it\/wp-json\/wp\/v2\/media?parent=29197"}],"wp:term":[{"taxonomy":"product_brand","embeddable":true,"href":"https:\/\/sanqingniaoo.com\/it\/wp-json\/wp\/v2\/product_brand?post=29197"},{"taxonomy":"product_cat","embeddable":true,"href":"https:\/\/sanqingniaoo.com\/it\/wp-json\/wp\/v2\/product_cat?post=29197"},{"taxonomy":"product_tag","embeddable":true,"href":"https:\/\/sanqingniaoo.com\/it\/wp-json\/wp\/v2\/product_tag?post=29197"}],"curies":[{"name":"wp","href":"https:\/\/api.w.org\/{rel}","templated":true}]}}