{"id":29214,"date":"2026-04-08T08:20:25","date_gmt":"2026-04-08T08:20:25","guid":{"rendered":"https:\/\/sanqingniaoo.com\/product\/sweet-roll\/"},"modified":"2026-04-22T09:15:58","modified_gmt":"2026-04-22T09:15:58","slug":"sweet-roll","status":"publish","type":"product","link":"https:\/\/sanqingniaoo.com\/it\/prodotto\/sweet-roll\/","title":{"rendered":"Rotolo dolce"},"content":{"rendered":"<p>Sweet Roll combina 3 colori in ogni gomitolo. Il filato \u00e8 progettato per creare strisce larghe a ripetizione regolare, creando tutta l'emozione di lavorare con pi\u00f9 colori, senza la noia di tessere tutte quelle estremit\u00e0. La nostra gamma di combinazioni di colori comprende qualcosa per tutti, dai neutri ai colori vivaci e ai pastelli.<br \/>\nLavorate comodamente sapendo che questo filato \u00e8 sicuro per tutti! Ha superato gli standard pi\u00f9 elevati, adatto al contatto diretto con le pelli pi\u00f9 sensibili, anche dei neonati e dei bambini piccoli.<\/p>","protected":false},"excerpt":{"rendered":"<p>Sweet Roll combines 3 colors in each ball. The yarn is designed to create wide stripes in a regular repeat,<\/p>","protected":false},"featured_media":29212,"comment_status":"open","ping_status":"closed","template":"","meta":[],"product_brand":[],"product_cat":[30],"product_tag":[],"class_list":{"0":"post-29214","1":"product","2":"type-product","3":"status-publish","4":"has-post-thumbnail","6":"product_cat-linen-yarn","8":"first","9":"instock","10":"shipping-taxable","11":"purchasable","12":"product-type-simple"},"_links":{"self":[{"href":"https:\/\/sanqingniaoo.com\/it\/wp-json\/wp\/v2\/product\/29214","targetHints":{"allow":["GET"]}}],"collection":[{"href":"https:\/\/sanqingniaoo.com\/it\/wp-json\/wp\/v2\/product"}],"about":[{"href":"https:\/\/sanqingniaoo.com\/it\/wp-json\/wp\/v2\/types\/product"}],"replies":[{"embeddable":true,"href":"https:\/\/sanqingniaoo.com\/it\/wp-json\/wp\/v2\/comments?post=29214"}],"version-history":[{"count":0,"href":"https:\/\/sanqingniaoo.com\/it\/wp-json\/wp\/v2\/product\/29214\/revisions"}],"wp:featuredmedia":[{"embeddable":true,"href":"https:\/\/sanqingniaoo.com\/it\/wp-json\/wp\/v2\/media\/29212"}],"wp:attachment":[{"href":"https:\/\/sanqingniaoo.com\/it\/wp-json\/wp\/v2\/media?parent=29214"}],"wp:term":[{"taxonomy":"product_brand","embeddable":true,"href":"https:\/\/sanqingniaoo.com\/it\/wp-json\/wp\/v2\/product_brand?post=29214"},{"taxonomy":"product_cat","embeddable":true,"href":"https:\/\/sanqingniaoo.com\/it\/wp-json\/wp\/v2\/product_cat?post=29214"},{"taxonomy":"product_tag","embeddable":true,"href":"https:\/\/sanqingniaoo.com\/it\/wp-json\/wp\/v2\/product_tag?post=29214"}],"curies":[{"name":"wp","href":"https:\/\/api.w.org\/{rel}","templated":true}]}}