{"id":29275,"date":"2026-04-08T08:21:09","date_gmt":"2026-04-08T08:21:09","guid":{"rendered":"https:\/\/sanqingniaoo.com\/product\/stash-goals-17-6oz-500g-chenille-bag\/"},"modified":"2026-04-22T09:23:25","modified_gmt":"2026-04-22T09:23:25","slug":"stash-goals-17-6oz-500g-chenille-bag","status":"publish","type":"product","link":"https:\/\/sanqingniaoo.com\/it\/prodotto\/stash-goals-17-6oz-500g-chenille-bag\/","title":{"rendered":"Sacchetto di ciniglia Stash Goals da 17,6 oz\/500 g"},"content":{"rendered":"<p>Tutte le vendite sono definitive, non si accettano restituzioni o rimborsi.<br \/>\nQuesto articolo \u00e8 fuori produzione e non sar\u00e0 rifornito. Assicuratevi di ordinare una quantit\u00e0 sufficiente per completare il vostro progetto. Non si accettano rimborsi per gli articoli esauriti.<br \/>\nUna grande opportunit\u00e0 per riempire la vostra scorta di filati a un prezzo vantaggioso. Ogni sacchetto contiene 2 gomitoli di ciniglia \u201cfactory seconds\u201d dello stesso colore. A causa della natura del filato, potrebbero esserci delle variazioni nella mano e nella lucentezza.\u00a0<\/p>","protected":false},"excerpt":{"rendered":"<p>All sales final, no returns or refunds. This item is discontinued and will not be restocked. Be sure to order<\/p>","protected":false},"featured_media":29273,"comment_status":"open","ping_status":"closed","template":"","meta":[],"product_brand":[],"product_cat":[46],"product_tag":[],"class_list":{"0":"post-29275","1":"product","2":"type-product","3":"status-publish","4":"has-post-thumbnail","6":"product_cat-synthetic-fiber","8":"first","9":"instock","10":"shipping-taxable","11":"purchasable","12":"product-type-simple"},"_links":{"self":[{"href":"https:\/\/sanqingniaoo.com\/it\/wp-json\/wp\/v2\/product\/29275","targetHints":{"allow":["GET"]}}],"collection":[{"href":"https:\/\/sanqingniaoo.com\/it\/wp-json\/wp\/v2\/product"}],"about":[{"href":"https:\/\/sanqingniaoo.com\/it\/wp-json\/wp\/v2\/types\/product"}],"replies":[{"embeddable":true,"href":"https:\/\/sanqingniaoo.com\/it\/wp-json\/wp\/v2\/comments?post=29275"}],"version-history":[{"count":0,"href":"https:\/\/sanqingniaoo.com\/it\/wp-json\/wp\/v2\/product\/29275\/revisions"}],"wp:featuredmedia":[{"embeddable":true,"href":"https:\/\/sanqingniaoo.com\/it\/wp-json\/wp\/v2\/media\/29273"}],"wp:attachment":[{"href":"https:\/\/sanqingniaoo.com\/it\/wp-json\/wp\/v2\/media?parent=29275"}],"wp:term":[{"taxonomy":"product_brand","embeddable":true,"href":"https:\/\/sanqingniaoo.com\/it\/wp-json\/wp\/v2\/product_brand?post=29275"},{"taxonomy":"product_cat","embeddable":true,"href":"https:\/\/sanqingniaoo.com\/it\/wp-json\/wp\/v2\/product_cat?post=29275"},{"taxonomy":"product_tag","embeddable":true,"href":"https:\/\/sanqingniaoo.com\/it\/wp-json\/wp\/v2\/product_tag?post=29275"}],"curies":[{"name":"wp","href":"https:\/\/api.w.org\/{rel}","templated":true}]}}