{"id":29282,"date":"2026-04-08T08:21:11","date_gmt":"2026-04-08T08:21:11","guid":{"rendered":"https:\/\/sanqingniaoo.com\/product\/minikins-chenille-bag-of-3\/"},"modified":"2026-04-22T09:23:04","modified_gmt":"2026-04-22T09:23:04","slug":"minikins-chenille-bag-of-3","status":"publish","type":"product","link":"https:\/\/sanqingniaoo.com\/it\/prodotto\/minikins-chenille-bag-of-3\/","title":{"rendered":"Minikins\u2122 Chenille Sacchetto da 3"},"content":{"rendered":"<p>Tutte le vendite sono definitive. Sacchetto da 3, stesso colore.<br \/>\nQuesto articolo \u00e8 fuori produzione e non sar\u00e0 rifornito. Assicuratevi di ordinare una quantit\u00e0 sufficiente per completare il vostro progetto. Non si accettano rimborsi per gli articoli esauriti.<br \/>\nMinikins\u2122 Chenille is a playful yarn that packs five vibrant colors into one irresistibly squishy ball! Create one-ball granny squares, fluffy friends, soft sweaters \u2013 Minikins Chenille is pint-sized but full of possibility.\u00a0<br \/>\n1 Ball makes one 12&#215;12\u201d granny square (colors length increases from inside out) and pairs perfectly with Parfait\u00ae Chunky Solids.\u00a0<\/p>","protected":false},"excerpt":{"rendered":"<p>All sales final. Bag of 3, same color. This item is discontinued and will not be restocked. Be sure to<\/p>","protected":false},"featured_media":29278,"comment_status":"open","ping_status":"closed","template":"","meta":[],"product_brand":[],"product_cat":[46],"product_tag":[],"class_list":{"0":"post-29282","1":"product","2":"type-product","3":"status-publish","4":"has-post-thumbnail","6":"product_cat-synthetic-fiber","8":"first","9":"instock","10":"shipping-taxable","11":"purchasable","12":"product-type-simple"},"_links":{"self":[{"href":"https:\/\/sanqingniaoo.com\/it\/wp-json\/wp\/v2\/product\/29282","targetHints":{"allow":["GET"]}}],"collection":[{"href":"https:\/\/sanqingniaoo.com\/it\/wp-json\/wp\/v2\/product"}],"about":[{"href":"https:\/\/sanqingniaoo.com\/it\/wp-json\/wp\/v2\/types\/product"}],"replies":[{"embeddable":true,"href":"https:\/\/sanqingniaoo.com\/it\/wp-json\/wp\/v2\/comments?post=29282"}],"version-history":[{"count":0,"href":"https:\/\/sanqingniaoo.com\/it\/wp-json\/wp\/v2\/product\/29282\/revisions"}],"wp:featuredmedia":[{"embeddable":true,"href":"https:\/\/sanqingniaoo.com\/it\/wp-json\/wp\/v2\/media\/29278"}],"wp:attachment":[{"href":"https:\/\/sanqingniaoo.com\/it\/wp-json\/wp\/v2\/media?parent=29282"}],"wp:term":[{"taxonomy":"product_brand","embeddable":true,"href":"https:\/\/sanqingniaoo.com\/it\/wp-json\/wp\/v2\/product_brand?post=29282"},{"taxonomy":"product_cat","embeddable":true,"href":"https:\/\/sanqingniaoo.com\/it\/wp-json\/wp\/v2\/product_cat?post=29282"},{"taxonomy":"product_tag","embeddable":true,"href":"https:\/\/sanqingniaoo.com\/it\/wp-json\/wp\/v2\/product_tag?post=29282"}],"curies":[{"name":"wp","href":"https:\/\/api.w.org\/{rel}","templated":true}]}}