{"id":29345,"date":"2026-04-08T08:27:37","date_gmt":"2026-04-08T08:27:37","guid":{"rendered":"https:\/\/sanqingniaoo.com\/product\/poppy-bag-of-3\/"},"modified":"2026-04-22T09:43:25","modified_gmt":"2026-04-22T09:43:25","slug":"poppy-bag-of-3","status":"publish","type":"product","link":"https:\/\/sanqingniaoo.com\/it\/prodotto\/poppy-bag-of-3\/","title":{"rendered":"Poppy\u2122 Sacchetto da 3"},"content":{"rendered":"<p>Sacchetto da 3, stesso colore. Tutte le vendite sono definitive.<br \/>\nQuesto articolo \u00e8 fuori produzione e non sar\u00e0 rifornito. Assicuratevi di ordinare una quantit\u00e0 sufficiente per completare il vostro progetto. Non si accettano rimborsi per gli articoli esauriti.<br \/>\nPremier Poppy \u00e8 arrivato giusto in tempo per i lavori di artigianato della stagione fredda. Questo filato misto acrilico\/lana ha una bellissima tavolozza con 16 colori unici. Questo filato super voluminoso di peso #6 \u00e8 lavabile in lavatrice per una facile manutenzione. Se siete alla ricerca di un filato che si lavora rapidamente e che crea splendidi progetti da regalare o da conservare, non cercate altro che Premier Poppy.<br \/>\nLavorate comodamente sapendo che questo filato \u00e8 sicuro per voi! Ha superato gli standard pi\u00f9 elevati, adatto al contatto diretto con le pelli pi\u00f9 sensibili, anche dei neonati e dei bambini piccoli.<\/p>","protected":false},"excerpt":{"rendered":"<p>Bag of 3, same color. All sales final. This item is discontinued and will not be restocked. Be sure to<\/p>","protected":false},"featured_media":29342,"comment_status":"open","ping_status":"closed","template":"","meta":[],"product_brand":[],"product_cat":[28],"product_tag":[],"class_list":{"0":"post-29345","1":"product","2":"type-product","3":"status-publish","4":"has-post-thumbnail","6":"product_cat-wool","8":"first","9":"instock","10":"shipping-taxable","11":"purchasable","12":"product-type-simple"},"_links":{"self":[{"href":"https:\/\/sanqingniaoo.com\/it\/wp-json\/wp\/v2\/product\/29345","targetHints":{"allow":["GET"]}}],"collection":[{"href":"https:\/\/sanqingniaoo.com\/it\/wp-json\/wp\/v2\/product"}],"about":[{"href":"https:\/\/sanqingniaoo.com\/it\/wp-json\/wp\/v2\/types\/product"}],"replies":[{"embeddable":true,"href":"https:\/\/sanqingniaoo.com\/it\/wp-json\/wp\/v2\/comments?post=29345"}],"version-history":[{"count":0,"href":"https:\/\/sanqingniaoo.com\/it\/wp-json\/wp\/v2\/product\/29345\/revisions"}],"wp:featuredmedia":[{"embeddable":true,"href":"https:\/\/sanqingniaoo.com\/it\/wp-json\/wp\/v2\/media\/29342"}],"wp:attachment":[{"href":"https:\/\/sanqingniaoo.com\/it\/wp-json\/wp\/v2\/media?parent=29345"}],"wp:term":[{"taxonomy":"product_brand","embeddable":true,"href":"https:\/\/sanqingniaoo.com\/it\/wp-json\/wp\/v2\/product_brand?post=29345"},{"taxonomy":"product_cat","embeddable":true,"href":"https:\/\/sanqingniaoo.com\/it\/wp-json\/wp\/v2\/product_cat?post=29345"},{"taxonomy":"product_tag","embeddable":true,"href":"https:\/\/sanqingniaoo.com\/it\/wp-json\/wp\/v2\/product_tag?post=29345"}],"curies":[{"name":"wp","href":"https:\/\/api.w.org\/{rel}","templated":true}]}}