{"id":29349,"date":"2026-04-08T08:27:39","date_gmt":"2026-04-08T08:27:39","guid":{"rendered":"https:\/\/sanqingniaoo.com\/product\/silky-merino\/"},"modified":"2026-04-22T09:30:43","modified_gmt":"2026-04-22T09:30:43","slug":"silky-merino","status":"publish","type":"product","link":"https:\/\/sanqingniaoo.com\/it\/prodotto\/silky-merino\/","title":{"rendered":"Merino setoso"},"content":{"rendered":"<p>Questo filato preferito, deliziosamente drappeggiante, combina la seta 50% e il merino 50% in un filato DK a singolo strato che \u00e8 assolutamente un piacere da lavorare e una gioia da indossare. La combinazione \u00e8 morbida, liscia e priva di prurito anche sulle pelli pi\u00f9 sensibili, assolutamente meravigliosa per capi d'abbigliamento, sciarpe e altri articoli vicini alla pelle. Il contenuto di seta conferisce al filato un peso e un drappeggio leggermente superiori a quelli di un merino puro e una leggera lucentezza che \u00e8 assolutamente splendida. Le fibre assumono la tintura in modo leggermente diverso, aggiungendo ulteriore profondit\u00e0 all'ampia selezione di colori semisolidi, variegati e acquerello-multi disponibili.<br \/>\nQuando Malabrigo tinge i suoi filati, viene utilizzata ogni volta la stessa formula, ma ogni lotto di filato pu\u00f2 variare. Le differenze tra un lotto di tintura e l'altro possono essere molto sottili o estremamente evidenti, soprattutto nei filati variegati.<\/p>","protected":false},"excerpt":{"rendered":"<p>This delightfully drapery favorite combines 50% silk and 50% merino into a single-ply DK yarn that is absolutely a treat<\/p>","protected":false},"featured_media":29348,"comment_status":"open","ping_status":"closed","template":"","meta":[],"product_brand":[],"product_cat":[28],"product_tag":[],"class_list":{"0":"post-29349","1":"product","2":"type-product","3":"status-publish","4":"has-post-thumbnail","6":"product_cat-wool","8":"first","9":"instock","10":"shipping-taxable","11":"purchasable","12":"product-type-simple"},"_links":{"self":[{"href":"https:\/\/sanqingniaoo.com\/it\/wp-json\/wp\/v2\/product\/29349","targetHints":{"allow":["GET"]}}],"collection":[{"href":"https:\/\/sanqingniaoo.com\/it\/wp-json\/wp\/v2\/product"}],"about":[{"href":"https:\/\/sanqingniaoo.com\/it\/wp-json\/wp\/v2\/types\/product"}],"replies":[{"embeddable":true,"href":"https:\/\/sanqingniaoo.com\/it\/wp-json\/wp\/v2\/comments?post=29349"}],"version-history":[{"count":0,"href":"https:\/\/sanqingniaoo.com\/it\/wp-json\/wp\/v2\/product\/29349\/revisions"}],"wp:featuredmedia":[{"embeddable":true,"href":"https:\/\/sanqingniaoo.com\/it\/wp-json\/wp\/v2\/media\/29348"}],"wp:attachment":[{"href":"https:\/\/sanqingniaoo.com\/it\/wp-json\/wp\/v2\/media?parent=29349"}],"wp:term":[{"taxonomy":"product_brand","embeddable":true,"href":"https:\/\/sanqingniaoo.com\/it\/wp-json\/wp\/v2\/product_brand?post=29349"},{"taxonomy":"product_cat","embeddable":true,"href":"https:\/\/sanqingniaoo.com\/it\/wp-json\/wp\/v2\/product_cat?post=29349"},{"taxonomy":"product_tag","embeddable":true,"href":"https:\/\/sanqingniaoo.com\/it\/wp-json\/wp\/v2\/product_tag?post=29349"}],"curies":[{"name":"wp","href":"https:\/\/api.w.org\/{rel}","templated":true}]}}