{"id":29057,"date":"2026-04-08T08:09:21","date_gmt":"2026-04-08T08:09:21","guid":{"rendered":"https:\/\/sanqingniaoo.com\/product\/cotton-sprout-stripes\/"},"modified":"2026-04-22T08:27:10","modified_gmt":"2026-04-22T08:27:10","slug":"cotton-sprout-stripes","status":"publish","type":"product","link":"https:\/\/sanqingniaoo.com\/pt\/produto\/cotton-sprout-stripes\/","title":{"rendered":"Riscas Cotton Sprout"},"content":{"rendered":"<p>Cotton Sprout\u00ae Stripes junta-se \u00e0 cole\u00e7\u00e3o e traz blocos de cores vivas para projectos arrojados. O algod\u00e3o 100% de peso desportivo implora para se tornar um WIP de tempo quente, enquanto a generosa metragem por bolo significa que um pouco vai longe. Com seis cores, cada mudan\u00e7a de cor \u00e9 fixada em conjunto para obter riscas limpas e uniformes. O Cotton Sprout\u00ae Stripes \u00e9 \u00f3timo para pe\u00e7as de vestu\u00e1rio respir\u00e1veis e f\u00e1ceis de limpar, acess\u00f3rios e muito mais!\u00a0<\/p>","protected":false},"excerpt":{"rendered":"<p>Cotton Sprout\u00ae Stripes joins the collection and brings bright blocks of color for bold projects. Sport weight 100% cotton just<\/p>","protected":false},"featured_media":29054,"comment_status":"open","ping_status":"closed","template":"","meta":[],"product_brand":[],"product_cat":[27],"product_tag":[],"class_list":{"0":"post-29057","1":"product","2":"type-product","3":"status-publish","4":"has-post-thumbnail","6":"product_cat-pure-cotton-yarn","8":"first","9":"instock","10":"shipping-taxable","11":"purchasable","12":"product-type-simple"},"_links":{"self":[{"href":"https:\/\/sanqingniaoo.com\/pt\/wp-json\/wp\/v2\/product\/29057","targetHints":{"allow":["GET"]}}],"collection":[{"href":"https:\/\/sanqingniaoo.com\/pt\/wp-json\/wp\/v2\/product"}],"about":[{"href":"https:\/\/sanqingniaoo.com\/pt\/wp-json\/wp\/v2\/types\/product"}],"replies":[{"embeddable":true,"href":"https:\/\/sanqingniaoo.com\/pt\/wp-json\/wp\/v2\/comments?post=29057"}],"version-history":[{"count":0,"href":"https:\/\/sanqingniaoo.com\/pt\/wp-json\/wp\/v2\/product\/29057\/revisions"}],"wp:featuredmedia":[{"embeddable":true,"href":"https:\/\/sanqingniaoo.com\/pt\/wp-json\/wp\/v2\/media\/29054"}],"wp:attachment":[{"href":"https:\/\/sanqingniaoo.com\/pt\/wp-json\/wp\/v2\/media?parent=29057"}],"wp:term":[{"taxonomy":"product_brand","embeddable":true,"href":"https:\/\/sanqingniaoo.com\/pt\/wp-json\/wp\/v2\/product_brand?post=29057"},{"taxonomy":"product_cat","embeddable":true,"href":"https:\/\/sanqingniaoo.com\/pt\/wp-json\/wp\/v2\/product_cat?post=29057"},{"taxonomy":"product_tag","embeddable":true,"href":"https:\/\/sanqingniaoo.com\/pt\/wp-json\/wp\/v2\/product_tag?post=29057"}],"curies":[{"name":"wp","href":"https:\/\/api.w.org\/{rel}","templated":true}]}}