{"id":29058,"date":"2026-04-08T08:09:21","date_gmt":"2026-04-08T08:09:21","guid":{"rendered":"https:\/\/sanqingniaoo.com\/product\/home-cotton-bag-of-3\/"},"modified":"2026-04-22T08:27:14","modified_gmt":"2026-04-22T08:27:14","slug":"home-cotton-bag-of-3","status":"publish","type":"product","link":"https:\/\/sanqingniaoo.com\/pt\/produto\/home-cotton-bag-of-3\/","title":{"rendered":"Home Cotton\u00ae Saco de 3"},"content":{"rendered":"<p>Compre em sacos de 3 e poupe.\u00a0<br \/>\nA mistura de algod\u00e3o reciclado com poli\u00e9ster da Premier produz projectos em tric\u00f4 ou croch\u00e9 mais macios, mais dur\u00e1veis e com cores mais firmes. A sua enorme gama de s\u00f3lidos, margas e estampados excitantes torna f\u00e1cil encontrar a cor perfeita para complementar a sua decora\u00e7\u00e3o.<br \/>\n\u00a0<\/p>","protected":false},"excerpt":{"rendered":"<p>Buy in bags of 3 and save.\u00a0 Premier&#8217;s blend of recycled cotton with polyester produces softer, more durable and more<\/p>","protected":false},"featured_media":29055,"comment_status":"open","ping_status":"closed","template":"","meta":[],"product_brand":[],"product_cat":[27],"product_tag":[],"class_list":{"0":"post-29058","1":"product","2":"type-product","3":"status-publish","4":"has-post-thumbnail","6":"product_cat-pure-cotton-yarn","8":"first","9":"instock","10":"shipping-taxable","11":"purchasable","12":"product-type-simple"},"_links":{"self":[{"href":"https:\/\/sanqingniaoo.com\/pt\/wp-json\/wp\/v2\/product\/29058","targetHints":{"allow":["GET"]}}],"collection":[{"href":"https:\/\/sanqingniaoo.com\/pt\/wp-json\/wp\/v2\/product"}],"about":[{"href":"https:\/\/sanqingniaoo.com\/pt\/wp-json\/wp\/v2\/types\/product"}],"replies":[{"embeddable":true,"href":"https:\/\/sanqingniaoo.com\/pt\/wp-json\/wp\/v2\/comments?post=29058"}],"version-history":[{"count":0,"href":"https:\/\/sanqingniaoo.com\/pt\/wp-json\/wp\/v2\/product\/29058\/revisions"}],"wp:featuredmedia":[{"embeddable":true,"href":"https:\/\/sanqingniaoo.com\/pt\/wp-json\/wp\/v2\/media\/29055"}],"wp:attachment":[{"href":"https:\/\/sanqingniaoo.com\/pt\/wp-json\/wp\/v2\/media?parent=29058"}],"wp:term":[{"taxonomy":"product_brand","embeddable":true,"href":"https:\/\/sanqingniaoo.com\/pt\/wp-json\/wp\/v2\/product_brand?post=29058"},{"taxonomy":"product_cat","embeddable":true,"href":"https:\/\/sanqingniaoo.com\/pt\/wp-json\/wp\/v2\/product_cat?post=29058"},{"taxonomy":"product_tag","embeddable":true,"href":"https:\/\/sanqingniaoo.com\/pt\/wp-json\/wp\/v2\/product_tag?post=29058"}],"curies":[{"name":"wp","href":"https:\/\/api.w.org\/{rel}","templated":true}]}}