{"id":29059,"date":"2026-04-08T08:09:21","date_gmt":"2026-04-08T08:09:21","guid":{"rendered":"https:\/\/sanqingniaoo.com\/product\/cotton-fair-sport\/"},"modified":"2026-04-22T08:27:26","modified_gmt":"2026-04-22T08:27:26","slug":"cotton-fair-sport","status":"publish","type":"product","link":"https:\/\/sanqingniaoo.com\/pt\/produto\/cotton-fair-sport\/","title":{"rendered":"Desporto Cotton Fair"},"content":{"rendered":"<p>Nota: Esta \u00e9 a mesma Feira do Algod\u00e3o, apenas acrescent\u00e1mos a palavra \u201cdesporto\u201d ao t\u00edtulo.\u00a0<br \/>\nO conforto fresco e suave do algod\u00e3o \u00e9 misturado com o leve ressalto do acr\u00edlico para criar um fio perfeito para todo o ano. A tor\u00e7\u00e3o apertada proporciona uma excelente defini\u00e7\u00e3o dos pontos em projectos que n\u00e3o se desmancham. A gama de cores vivas \u00e9 \u00f3ptima para pe\u00e7as de vestu\u00e1rio e acess\u00f3rios para beb\u00e9s ou adultos.<br \/>\nTrabalhe confortavelmente sabendo que este fio \u00e9 seguro para si! Foi aprovado pelo mais alto padr\u00e3o, adequado para o contacto direto com a pele mais sens\u00edvel, mesmo de beb\u00e9s e crian\u00e7as pequenas.<br \/>\nFios aprovados por<\/p>","protected":false},"excerpt":{"rendered":"<p>Note: This is the same Cotton Fair, we just added the word &#8220;sport&#8221; to the title.\u00a0 The cool, smooth comfort<\/p>","protected":false},"featured_media":29056,"comment_status":"open","ping_status":"closed","template":"","meta":[],"product_brand":[],"product_cat":[27],"product_tag":[],"class_list":{"0":"post-29059","1":"product","2":"type-product","3":"status-publish","4":"has-post-thumbnail","6":"product_cat-pure-cotton-yarn","8":"first","9":"instock","10":"shipping-taxable","11":"purchasable","12":"product-type-simple"},"_links":{"self":[{"href":"https:\/\/sanqingniaoo.com\/pt\/wp-json\/wp\/v2\/product\/29059","targetHints":{"allow":["GET"]}}],"collection":[{"href":"https:\/\/sanqingniaoo.com\/pt\/wp-json\/wp\/v2\/product"}],"about":[{"href":"https:\/\/sanqingniaoo.com\/pt\/wp-json\/wp\/v2\/types\/product"}],"replies":[{"embeddable":true,"href":"https:\/\/sanqingniaoo.com\/pt\/wp-json\/wp\/v2\/comments?post=29059"}],"version-history":[{"count":0,"href":"https:\/\/sanqingniaoo.com\/pt\/wp-json\/wp\/v2\/product\/29059\/revisions"}],"wp:featuredmedia":[{"embeddable":true,"href":"https:\/\/sanqingniaoo.com\/pt\/wp-json\/wp\/v2\/media\/29056"}],"wp:attachment":[{"href":"https:\/\/sanqingniaoo.com\/pt\/wp-json\/wp\/v2\/media?parent=29059"}],"wp:term":[{"taxonomy":"product_brand","embeddable":true,"href":"https:\/\/sanqingniaoo.com\/pt\/wp-json\/wp\/v2\/product_brand?post=29059"},{"taxonomy":"product_cat","embeddable":true,"href":"https:\/\/sanqingniaoo.com\/pt\/wp-json\/wp\/v2\/product_cat?post=29059"},{"taxonomy":"product_tag","embeddable":true,"href":"https:\/\/sanqingniaoo.com\/pt\/wp-json\/wp\/v2\/product_tag?post=29059"}],"curies":[{"name":"wp","href":"https:\/\/api.w.org\/{rel}","templated":true}]}}